{"id":67052,"date":"2026-03-26T03:33:38","date_gmt":"2026-03-26T06:33:38","guid":{"rendered":"https:\/\/actiosoftware.com?page_id=67052"},"modified":"2026-04-22T17:10:14","modified_gmt":"2026-04-22T20:10:14","slug":"casos-de-exito","status":"publish","type":"page","link":"https:\/\/actiosoftware.com\/es\/casos-de-sucesso\/","title":{"rendered":"Casos de \u00e9xito"},"content":{"rendered":"<div data-elementor-type=\"wp-page\" data-elementor-id=\"67052\" class=\"elementor elementor-67052\" data-elementor-post-type=\"page\">\n\t\t\t\t<div class=\"elementor-element elementor-element-ebb0551 e-flex e-con-boxed e-con e-parent\" data-id=\"ebb0551\" data-element_type=\"container\" data-e-type=\"container\" data-settings=\"{&quot;background_background&quot;:&quot;classic&quot;,&quot;shape_divider_bottom&quot;:&quot;waves&quot;}\">\n\t\t\t\t\t<div class=\"e-con-inner\">\n\t\t\t\t<div class=\"elementor-shape elementor-shape-bottom\" aria-hidden=\"true\" data-negative=\"false\">\n\t\t\t<svg xmlns=\"http:\/\/www.w3.org\/2000\/svg\" viewbox=\"0 0 1000 100\" preserveaspectratio=\"none\">\n\t<path class=\"elementor-shape-fill\" d=\"M421.9,6.5c22.6-2.5,51.5,0.4,75.5,5.3c23.6,4.9,70.9,23.5,100.5,35.7c75.8,32.2,133.7,44.5,192.6,49.7\tc23.6,2.1,48.7,3.5,103.4-2.5c54.7-6,106.2-25.6,106.2-25.6V0H0v30.3c0,0,72,32.6,158.4,30.5c39.2-0.7,92.8-6.7,134-22.4\tc21.2-8.1,52.2-18.2,79.7-24.2C399.3,7.9,411.6,7.5,421.9,6.5z\"\/>\n<\/svg>\t\t<\/div>\n\t\t<div class=\"elementor-element elementor-element-91addc4 e-con-full e-flex e-con e-child\" data-id=\"91addc4\" data-element_type=\"container\" data-e-type=\"container\">\n\t\t\t\t<div class=\"elementor-element elementor-element-7640fba elementor-widget elementor-widget-heading\" data-id=\"7640fba\" data-element_type=\"widget\" data-e-type=\"widget\" data-settings=\"{&quot;_animation&quot;:&quot;none&quot;}\" data-widget_type=\"heading.default\">\n\t\t\t\t<div class=\"elementor-widget-container\">\n\t\t\t\t\t<h1 class=\"elementor-heading-title elementor-size-default translation-block\">Casos de  <span style=\"color:#33ff69\">\u00e9xito<\/span><\/h1>\t\t\t\t<\/div>\n\t\t\t\t<\/div>\n\t\t\t\t<div class=\"elementor-element elementor-element-d950eff elementor-widget elementor-widget-text-editor\" data-id=\"d950eff\" data-element_type=\"widget\" data-e-type=\"widget\" data-widget_type=\"text-editor.default\">\n\t\t\t\t<div class=\"elementor-widget-container\">\n\t\t\t\t\t\t\t\t\t<p class=\"translation-block\">Entiende <strong>c\u00f3mo las organizaciones ponen en pr\u00e1ctica<\/strong> iniciativas orientadas a la estrategia, los riesgos, las personas y los procesos, con impacto directo en la gesti\u00f3n.<\/p>\t\t\t\t\t\t\t\t<\/div>\n\t\t\t\t<\/div>\n\t\t\t\t<\/div>\n\t\t\t\t\t<\/div>\n\t\t\t\t<\/div>\n\t\t<div class=\"elementor-element elementor-element-b432acf e-flex e-con-boxed e-con e-parent\" data-id=\"b432acf\" data-element_type=\"container\" data-e-type=\"container\" data-settings=\"{&quot;background_background&quot;:&quot;slideshow&quot;,&quot;background_slideshow_gallery&quot;:[],&quot;background_slideshow_loop&quot;:&quot;yes&quot;,&quot;background_slideshow_slide_duration&quot;:5000,&quot;background_slideshow_slide_transition&quot;:&quot;fade&quot;,&quot;background_slideshow_transition_duration&quot;:500}\">\n\t\t\t\t\t<div class=\"e-con-inner\">\n\t\t\t\t<div class=\"elementor-element elementor-element-f9d75d9 elementor-posts--align-center elementor-grid-3 elementor-grid-tablet-2 elementor-grid-mobile-1 elementor-posts--thumbnail-top elementor-posts__hover-gradient elementor-widget elementor-widget-posts\" data-id=\"f9d75d9\" data-element_type=\"widget\" data-e-type=\"widget\" data-settings=\"{&quot;pagination_type&quot;:&quot;numbers_and_prev_next&quot;,&quot;cards_columns&quot;:&quot;3&quot;,&quot;cards_columns_tablet&quot;:&quot;2&quot;,&quot;cards_columns_mobile&quot;:&quot;1&quot;,&quot;cards_row_gap&quot;:{&quot;unit&quot;:&quot;px&quot;,&quot;size&quot;:35,&quot;sizes&quot;:[]},&quot;cards_row_gap_tablet&quot;:{&quot;unit&quot;:&quot;px&quot;,&quot;size&quot;:&quot;&quot;,&quot;sizes&quot;:[]},&quot;cards_row_gap_mobile&quot;:{&quot;unit&quot;:&quot;px&quot;,&quot;size&quot;:&quot;&quot;,&quot;sizes&quot;:[]}}\" data-widget_type=\"posts.cards\">\n\t\t\t\t<div class=\"elementor-widget-container\">\n\t\t\t\t\t\t\t<div class=\"elementor-posts-container elementor-posts elementor-posts--skin-cards elementor-grid\" role=\"list\">\n\t\t\t\t<article class=\"elementor-post elementor-grid-item post-67060 post type-post status-publish format-standard has-post-thumbnail hentry category-cases idioma-posts-espanhol idioma-posts-ingles idioma-posts-portugues\" role=\"listitem\">\n\t\t\t<div class=\"elementor-post__card\">\n\t\t\t\t<a class=\"elementor-post__thumbnail__link\" href=\"https:\/\/actiosoftware.com\/es\/blog\/caso-de-sucesso-colbun\/\" tabindex=\"-1\" target=\"_blank\"><div class=\"elementor-post__thumbnail\"><img fetchpriority=\"high\" decoding=\"async\" width=\"370\" height=\"208\" src=\"https:\/\/actiosoftware.com\/wp-content\/uploads\/2026\/03\/thumb-colbun-370x208.jpg\" class=\"attachment-medium size-medium wp-image-67062\" alt=\"\" srcset=\"https:\/\/actiosoftware.com\/wp-content\/uploads\/2026\/03\/thumb-colbun-370x208.jpg 370w, https:\/\/actiosoftware.com\/wp-content\/uploads\/2026\/03\/thumb-colbun-18x10.jpg 18w, https:\/\/actiosoftware.com\/wp-content\/uploads\/2026\/03\/thumb-colbun.jpg 768w\" sizes=\"(max-width: 370px) 100vw, 370px\" \/><\/div><\/a>\n\t\t\t\t<div class=\"elementor-post__badge\">Cases<\/div>\n\t\t\t\t<div class=\"elementor-post__text\">\n\t\t\t\t<h2 class=\"elementor-post__title\">\n\t\t\t<a href=\"https:\/\/actiosoftware.com\/es\/blog\/caso-de-sucesso-colbun\/\" target=\"&quot;_blank&quot;\">\n\t\t\t\tCaso de \u00c9xito \u2013 Colb\u00fan\t\t\t<\/a>\n\t\t<\/h2>\n\t\t\t\t<div class=\"elementor-post__excerpt\">\n\t\t\t<p><b>Conozca el caso de \u00e9xito de Colb\u00fan y descubra c\u00f3mo impulsar la Estrategia con Inteligencia y Gesti\u00f3n de Riesgos Corporativos con Actio.<\/b><\/p>\n<hr style=\"border:0; height:30px; background:white;\">\n<hr style=\"margin-bottom:20px;\">\n<p style=\"font-size:14px; line-height:1.5em;\">\nGesti\u00f3n de Riesgos<\/p>\n\t\t<\/div>\n\t\t\t\t\t<div class=\"elementor-post__read-more-wrapper\">\n\t\t\n\t\t<a class=\"elementor-post__read-more\" href=\"https:\/\/actiosoftware.com\/es\/blog\/caso-de-sucesso-colbun\/\" aria-label=\"M\u00e1s informaci\u00f3n sobre Caso de Sucesso &#8211; Colb\u00fan\" tabindex=\"-1\" target=\"_blank\">\n\t\t\tLea Mas\t\t<\/a>\n\n\t\t\t\t\t<\/div>\n\t\t\t\t<\/div>\n\t\t\t\t\t<\/div>\n\t\t<\/article>\n\t\t\t\t<\/div>\n\t\t\n\t\t\t\t\t\t<\/div>\n\t\t\t\t<\/div>\n\t\t\t\t\t<\/div>\n\t\t\t\t<\/div>\n\t\t\t\t<\/div>","protected":false},"excerpt":{"rendered":"<p>Casos de Sucesso Entenda como organiza\u00e7\u00f5es colocam em pr\u00e1tica iniciativas voltadas \u00e0 estrat\u00e9gia, riscos, pessoas e processos, com impacto direto na gest\u00e3o.<\/p>","protected":false},"author":11,"featured_media":0,"parent":0,"menu_order":0,"comment_status":"closed","ping_status":"closed","template":"","meta":{"_acf_changed":false,"content-type":"","site-sidebar-layout":"no-sidebar","site-content-layout":"","ast-site-content-layout":"full-width-container","site-content-style":"default","site-sidebar-style":"default","ast-global-header-display":"","ast-banner-title-visibility":"","ast-main-header-display":"","ast-hfb-above-header-display":"","ast-hfb-below-header-display":"","ast-hfb-mobile-header-display":"","site-post-title":"","ast-breadcrumbs-content":"","ast-featured-img":"disabled","footer-sml-layout":"","ast-disable-related-posts":"","theme-transparent-header-meta":"","adv-header-id-meta":"","stick-header-meta":"","header-above-stick-meta":"","header-main-stick-meta":"","header-below-stick-meta":"","astra-migrate-meta-layouts":"default","ast-page-background-enabled":"default","ast-page-background-meta":{"desktop":{"background-color":"var(--ast-global-color-4)","background-image":"","background-repeat":"repeat","background-position":"center center","background-size":"auto","background-attachment":"scroll","background-type":"","background-media":"","overlay-type":"","overlay-color":"","overlay-opacity":"","overlay-gradient":""},"tablet":{"background-color":"","background-image":"","background-repeat":"repeat","background-position":"center center","background-size":"auto","background-attachment":"scroll","background-type":"","background-media":"","overlay-type":"","overlay-color":"","overlay-opacity":"","overlay-gradient":""},"mobile":{"background-color":"","background-image":"","background-repeat":"repeat","background-position":"center center","background-size":"auto","background-attachment":"scroll","background-type":"","background-media":"","overlay-type":"","overlay-color":"","overlay-opacity":"","overlay-gradient":""}},"ast-content-background-meta":{"desktop":{"background-color":"var(--ast-global-color-5)","background-image":"","background-repeat":"repeat","background-position":"center center","background-size":"auto","background-attachment":"scroll","background-type":"","background-media":"","overlay-type":"","overlay-color":"","overlay-opacity":"","overlay-gradient":""},"tablet":{"background-color":"var(--ast-global-color-5)","background-image":"","background-repeat":"repeat","background-position":"center center","background-size":"auto","background-attachment":"scroll","background-type":"","background-media":"","overlay-type":"","overlay-color":"","overlay-opacity":"","overlay-gradient":""},"mobile":{"background-color":"var(--ast-global-color-5)","background-image":"","background-repeat":"repeat","background-position":"center center","background-size":"auto","background-attachment":"scroll","background-type":"","background-media":"","overlay-type":"","overlay-color":"","overlay-opacity":"","overlay-gradient":""}},"footnotes":""},"class_list":["post-67052","page","type-page","status-publish","hentry"],"acf":[],"yoast_head":"<!-- This site is optimized with the Yoast SEO Premium plugin v27.0 (Yoast SEO v27.4) - https:\/\/yoast.com\/product\/yoast-seo-premium-wordpress\/ -->\n<title>Actio - Casos de Sucesso<\/title>\n<meta name=\"description\" content=\"Entenda como organiza\u00e7\u00f5es colocam em pr\u00e1tica iniciativas voltadas \u00e0 estrat\u00e9gia, riscos, pessoas e processos, com impacto direto na gest\u00e3o.\" \/>\n<meta name=\"robots\" content=\"noindex, nofollow\" \/>\n<meta property=\"og:locale\" content=\"es_ES\" \/>\n<meta property=\"og:type\" content=\"article\" \/>\n<meta property=\"og:title\" content=\"Casos de Sucesso\" \/>\n<meta property=\"og:description\" content=\"Entenda como organiza\u00e7\u00f5es colocam em pr\u00e1tica iniciativas voltadas \u00e0 estrat\u00e9gia, riscos, pessoas e processos, com impacto direto na gest\u00e3o.\" \/>\n<meta property=\"og:url\" content=\"https:\/\/actiosoftware.com\/es\/casos-de-exito\/\" \/>\n<meta property=\"og:site_name\" content=\"Actio\" \/>\n<meta property=\"article:publisher\" content=\"https:\/\/www.facebook.com\/actiobrasil\" \/>\n<meta property=\"article:modified_time\" content=\"2026-04-22T20:10:14+00:00\" \/>\n<meta name=\"twitter:card\" content=\"summary_large_image\" \/>\n<meta name=\"twitter:label1\" content=\"Tiempo de lectura\" \/>\n\t<meta name=\"twitter:data1\" content=\"1 minuto\" \/>\n<script type=\"application\/ld+json\" class=\"yoast-schema-graph\">{\"@context\":\"https:\\\/\\\/schema.org\",\"@graph\":[{\"@type\":\"WebPage\",\"@id\":\"https:\\\/\\\/actiosoftware.com\\\/casos-de-sucesso\\\/\",\"url\":\"https:\\\/\\\/actiosoftware.com\\\/casos-de-sucesso\\\/\",\"name\":\"Actio - Casos de Sucesso\",\"isPartOf\":{\"@id\":\"https:\\\/\\\/actiosoftware.com\\\/#website\"},\"datePublished\":\"2026-03-26T06:33:38+00:00\",\"dateModified\":\"2026-04-22T20:10:14+00:00\",\"description\":\"Entenda como organiza\u00e7\u00f5es colocam em pr\u00e1tica iniciativas voltadas \u00e0 estrat\u00e9gia, riscos, pessoas e processos, com impacto direto na gest\u00e3o.\",\"breadcrumb\":{\"@id\":\"https:\\\/\\\/actiosoftware.com\\\/casos-de-sucesso\\\/#breadcrumb\"},\"inLanguage\":\"es\",\"potentialAction\":[{\"@type\":\"ReadAction\",\"target\":[\"https:\\\/\\\/actiosoftware.com\\\/casos-de-sucesso\\\/\"]}]},{\"@type\":\"BreadcrumbList\",\"@id\":\"https:\\\/\\\/actiosoftware.com\\\/casos-de-sucesso\\\/#breadcrumb\",\"itemListElement\":[{\"@type\":\"ListItem\",\"position\":1,\"name\":\"In\u00edcio\",\"item\":\"https:\\\/\\\/actiosoftware.com\\\/\"},{\"@type\":\"ListItem\",\"position\":2,\"name\":\"Casos de Sucesso\"}]},{\"@type\":\"WebSite\",\"@id\":\"https:\\\/\\\/actiosoftware.com\\\/#website\",\"url\":\"https:\\\/\\\/actiosoftware.com\\\/\",\"name\":\"Actio\",\"description\":\"Softwares para gest\u00e3o estrat\u00e9gica\",\"publisher\":{\"@id\":\"https:\\\/\\\/actiosoftware.com\\\/#organization\"},\"potentialAction\":[{\"@type\":\"SearchAction\",\"target\":{\"@type\":\"EntryPoint\",\"urlTemplate\":\"https:\\\/\\\/actiosoftware.com\\\/?s={search_term_string}\"},\"query-input\":{\"@type\":\"PropertyValueSpecification\",\"valueRequired\":true,\"valueName\":\"search_term_string\"}}],\"inLanguage\":\"es\"},{\"@type\":\"Organization\",\"@id\":\"https:\\\/\\\/actiosoftware.com\\\/#organization\",\"name\":\"Actio\",\"url\":\"https:\\\/\\\/actiosoftware.com\\\/\",\"logo\":{\"@type\":\"ImageObject\",\"inLanguage\":\"es\",\"@id\":\"https:\\\/\\\/actiosoftware.com\\\/#\\\/schema\\\/logo\\\/image\\\/\",\"url\":\"https:\\\/\\\/actiosoftware.com\\\/wp-content\\\/uploads\\\/2020\\\/02\\\/logo-150x37-3.png\",\"contentUrl\":\"https:\\\/\\\/actiosoftware.com\\\/wp-content\\\/uploads\\\/2020\\\/02\\\/logo-150x37-3.png\",\"width\":150,\"height\":37,\"caption\":\"Actio\"},\"image\":{\"@id\":\"https:\\\/\\\/actiosoftware.com\\\/#\\\/schema\\\/logo\\\/image\\\/\"},\"sameAs\":[\"https:\\\/\\\/www.facebook.com\\\/actiobrasil\",\"https:\\\/\\\/www.instagram.com\\\/actiobrasil\\\/\",\"https:\\\/\\\/www.linkedin.com\\\/company\\\/actiosoftware\\\/\"]}]}<\/script>\n<!-- \/ Yoast SEO Premium plugin. -->","yoast_head_json":{"title":"Actio - Casos de \u00c9xito","description":"Comprenda c\u00f3mo las organizaciones ponen en pr\u00e1ctica iniciativas orientadas a la estrategia, riesgos, personas y procesos, con impacto directo en la gesti\u00f3n.","robots":{"index":"noindex","follow":"nofollow"},"og_locale":"es_ES","og_type":"article","og_title":"Casos de Sucesso","og_description":"Entenda como organiza\u00e7\u00f5es colocam em pr\u00e1tica iniciativas voltadas \u00e0 estrat\u00e9gia, riscos, pessoas e processos, com impacto direto na gest\u00e3o.","og_url":"https:\/\/actiosoftware.com\/es\/casos-de-exito\/","og_site_name":"Actio","article_publisher":"https:\/\/www.facebook.com\/actiobrasil","article_modified_time":"2026-04-22T20:10:14+00:00","twitter_card":"summary_large_image","twitter_misc":{"Tiempo de lectura":"1 minuto"},"schema":{"@context":"https:\/\/schema.org","@graph":[{"@type":"WebPage","@id":"https:\/\/actiosoftware.com\/casos-de-sucesso\/","url":"https:\/\/actiosoftware.com\/casos-de-sucesso\/","name":"Actio - Casos de \u00c9xito","isPartOf":{"@id":"https:\/\/actiosoftware.com\/#website"},"datePublished":"2026-03-26T06:33:38+00:00","dateModified":"2026-04-22T20:10:14+00:00","description":"Comprenda c\u00f3mo las organizaciones ponen en pr\u00e1ctica iniciativas orientadas a la estrategia, riesgos, personas y procesos, con impacto directo en la gesti\u00f3n.","breadcrumb":{"@id":"https:\/\/actiosoftware.com\/casos-de-sucesso\/#breadcrumb"},"inLanguage":"es","potentialAction":[{"@type":"ReadAction","target":["https:\/\/actiosoftware.com\/casos-de-sucesso\/"]}]},{"@type":"BreadcrumbList","@id":"https:\/\/actiosoftware.com\/casos-de-sucesso\/#breadcrumb","itemListElement":[{"@type":"ListItem","position":1,"name":"In\u00edcio","item":"https:\/\/actiosoftware.com\/"},{"@type":"ListItem","position":2,"name":"Casos de Sucesso"}]},{"@type":"WebSite","@id":"https:\/\/actiosoftware.com\/#website","url":"https:\/\/actiosoftware.com\/","name":"Actio","description":"Softwares para gest\u00e3o estrat\u00e9gica","publisher":{"@id":"https:\/\/actiosoftware.com\/#organization"},"potentialAction":[{"@type":"SearchAction","target":{"@type":"EntryPoint","urlTemplate":"https:\/\/actiosoftware.com\/?s={search_term_string}"},"query-input":{"@type":"PropertyValueSpecification","valueRequired":true,"valueName":"search_term_string"}}],"inLanguage":"es"},{"@type":"Organization","@id":"https:\/\/actiosoftware.com\/#organization","name":"Actio","url":"https:\/\/actiosoftware.com\/","logo":{"@type":"ImageObject","inLanguage":"es","@id":"https:\/\/actiosoftware.com\/#\/schema\/logo\/image\/","url":"https:\/\/actiosoftware.com\/wp-content\/uploads\/2020\/02\/logo-150x37-3.png","contentUrl":"https:\/\/actiosoftware.com\/wp-content\/uploads\/2020\/02\/logo-150x37-3.png","width":150,"height":37,"caption":"Actio"},"image":{"@id":"https:\/\/actiosoftware.com\/#\/schema\/logo\/image\/"},"sameAs":["https:\/\/www.facebook.com\/actiobrasil","https:\/\/www.instagram.com\/actiobrasil\/","https:\/\/www.linkedin.com\/company\/actiosoftware\/"]}]}},"_links":{"self":[{"href":"https:\/\/actiosoftware.com\/es\/wp-json\/wp\/v2\/pages\/67052","targetHints":{"allow":["GET"]}}],"collection":[{"href":"https:\/\/actiosoftware.com\/es\/wp-json\/wp\/v2\/pages"}],"about":[{"href":"https:\/\/actiosoftware.com\/es\/wp-json\/wp\/v2\/types\/page"}],"author":[{"embeddable":true,"href":"https:\/\/actiosoftware.com\/es\/wp-json\/wp\/v2\/users\/11"}],"replies":[{"embeddable":true,"href":"https:\/\/actiosoftware.com\/es\/wp-json\/wp\/v2\/comments?post=67052"}],"version-history":[{"count":27,"href":"https:\/\/actiosoftware.com\/es\/wp-json\/wp\/v2\/pages\/67052\/revisions"}],"predecessor-version":[{"id":68774,"href":"https:\/\/actiosoftware.com\/es\/wp-json\/wp\/v2\/pages\/67052\/revisions\/68774"}],"wp:attachment":[{"href":"https:\/\/actiosoftware.com\/es\/wp-json\/wp\/v2\/media?parent=67052"}],"curies":[{"name":"wp","href":"https:\/\/api.w.org\/{rel}","templated":true}]}}