{"id":38480,"date":"2023-11-10T11:03:58","date_gmt":"2023-11-10T14:03:58","guid":{"rendered":"https:\/\/actiosoftware.com?page_id=38480"},"modified":"2024-12-13T15:21:10","modified_gmt":"2024-12-13T18:21:10","slug":"2fa-latam","status":"publish","type":"page","link":"https:\/\/actiosoftware.com\/es\/verificacao-em-duas-etapas\/","title":{"rendered":"Verificaci\u00f3n de dos pasos (2FA)"},"content":{"rendered":"<div data-elementor-type=\"wp-page\" data-elementor-id=\"38480\" class=\"elementor elementor-38480\" data-elementor-post-type=\"page\">\n\t\t\t\t\t\t<section class=\"elementor-section elementor-top-section elementor-element elementor-element-4f154f elementor-section-boxed elementor-section-height-default elementor-section-height-default\" data-id=\"4f154f\" data-element_type=\"section\" data-e-type=\"section\" data-settings=\"{&quot;background_background&quot;:&quot;classic&quot;,&quot;shape_divider_bottom&quot;:&quot;triangle&quot;,&quot;shape_divider_bottom_negative&quot;:&quot;yes&quot;}\">\n\t\t\t\t\t\t\t<div class=\"elementor-background-overlay\"><\/div>\n\t\t\t\t\t\t<div class=\"elementor-shape elementor-shape-bottom\" aria-hidden=\"true\" data-negative=\"true\">\n\t\t\t<svg xmlns=\"http:\/\/www.w3.org\/2000\/svg\" viewbox=\"0 0 1000 100\" preserveaspectratio=\"none\">\n\t<path class=\"elementor-shape-fill\" d=\"M500.2,94.7L0,0v100h1000V0L500.2,94.7z\"\/>\n<\/svg>\t\t<\/div>\n\t\t\t\t\t<div class=\"elementor-container elementor-column-gap-default\">\n\t\t\t\t\t<div class=\"elementor-column elementor-col-100 elementor-top-column elementor-element elementor-element-eb787f8\" data-id=\"eb787f8\" data-element_type=\"column\" data-e-type=\"column\">\n\t\t\t<div class=\"elementor-widget-wrap elementor-element-populated\">\n\t\t\t\t\t\t<div class=\"elementor-element elementor-element-26d9c1fc elementor-widget elementor-widget-heading\" data-id=\"26d9c1fc\" data-element_type=\"widget\" data-e-type=\"widget\" data-widget_type=\"heading.default\">\n\t\t\t\t<div class=\"elementor-widget-container\">\n\t\t\t\t\t<h1 class=\"elementor-heading-title elementor-size-default\">Verificaci\u00f3n de dos pasos (2FA)<\/h1>\t\t\t\t<\/div>\n\t\t\t\t<\/div>\n\t\t\t\t\t<\/div>\n\t\t<\/div>\n\t\t\t\t\t<\/div>\n\t\t<\/section>\n\t\t<div class=\"elementor-element elementor-element-9a254ee e-flex e-con-boxed e-con e-parent\" data-id=\"9a254ee\" data-element_type=\"container\" data-e-type=\"container\">\n\t\t\t\t\t<div class=\"e-con-inner\">\n\t\t\t\t<div class=\"elementor-element elementor-element-d51a182 elementor-widget elementor-widget-text-editor\" data-id=\"d51a182\" data-element_type=\"widget\" data-e-type=\"widget\" data-widget_type=\"text-editor.default\">\n\t\t\t\t<div class=\"elementor-widget-container\">\n\t\t\t\t\t\t\t\t\t<p>Millones de personas utilizan Internet en todo el mundo.<\/p><p>Jornadas home-office, compras en l\u00ednea, videollamadas, bancos digitales, aplicaciones y otros elementos del mundo digital significan que la circulaci\u00f3n de datos personales por internet es inevitable. La pregunta es: \u00bfest\u00e1s compartiendo tus datos de forma segura?<\/p><p>Si t\u00fa tambi\u00e9n utilizas internet para pr\u00e1cticamente todo en tu vida, es muy importante que entiendas la autenticaci\u00f3n de doble factor.<\/p>\t\t\t\t\t\t\t\t<\/div>\n\t\t\t\t<\/div>\n\t\t\t\t<div class=\"elementor-element elementor-element-a19a099 elementor-widget elementor-widget-image\" data-id=\"a19a099\" data-element_type=\"widget\" data-e-type=\"widget\" data-widget_type=\"image.default\">\n\t\t\t\t<div class=\"elementor-widget-container\">\n\t\t\t\t\t\t\t\t\t\t\t\t\t\t\t<img decoding=\"async\" src=\"https:\/\/actiosoftware.com\/wp-content\/uploads\/2023\/11\/20945204-500x500.jpg\" title=\"2FA\" alt=\"2FA\" loading=\"lazy\" \/>\t\t\t\t\t\t\t\t\t\t\t\t\t\t\t<\/div>\n\t\t\t\t<\/div>\n\t\t\t\t<div class=\"elementor-element elementor-element-f87a83a elementor-widget elementor-widget-text-editor\" data-id=\"f87a83a\" data-element_type=\"widget\" data-e-type=\"widget\" data-widget_type=\"text-editor.default\">\n\t\t\t\t<div class=\"elementor-widget-container\">\n\t\t\t\t\t\t\t\t\t<h2><strong>1. \u00bfQu\u00e9 es la verificaci\u00f3n en dos pasos o la autenticaci\u00f3n de dos factores?<\/strong><\/h2><p><br \/>Autenticar significa reconocer como verdadero. En l\u00ednea, la acci\u00f3n de autenticar es una forma de confirmar que un usuario est\u00e1 autorizado a acceder a un determinado entorno.<\/p><p>Entonces, \u00bfqu\u00e9 es la autenticaci\u00f3n de dos factores o verificaci\u00f3n en dos pasos?<\/p><p>Se trata de un importante procedimiento de seguridad, de eficacia probada, que tiene por objeto confirmar que un determinado usuario accede a un entorno. Este procedimiento, como su nombre indica, se lleva a cabo en dos etapas.<\/p><p>Comprueba que el intento de acceso de un usuario a un entorno en l\u00ednea es aut\u00e9ntico y est\u00e1 autorizado. Para ello, primero se utiliza un tipo de mecanismo y, una segunda vez, un mecanismo de validaci\u00f3n\/autenticaci\u00f3n distinto del utilizado en la primera etapa de validaci\u00f3n.<\/p>\t\t\t\t\t\t\t\t<\/div>\n\t\t\t\t<\/div>\n\t\t\t\t<div class=\"elementor-element elementor-element-5848df0 elementor-widget elementor-widget-text-editor\" data-id=\"5848df0\" data-element_type=\"widget\" data-e-type=\"widget\" data-widget_type=\"text-editor.default\">\n\t\t\t\t<div class=\"elementor-widget-container\">\n\t\t\t\t\t\t\t\t\t<h2><strong>3. Ventajas de la autenticaci\u00f3n en dos pasos<\/strong><\/h2><p><br \/>Disponer de una capa adicional de seguridad, como la que proporciona la verificaci\u00f3n en dos pasos, significa que un intruso tiene que superar 2 obst\u00e1culos diferentes para obtener el acceso deseado. <strong>Mira c\u00f3mo este procedimiento puede marcar la diferencia en tu d\u00eda a d\u00eda:<\/strong><\/p><p><strong>Mayor seguridad \u2013<\/strong> Sin duda, el aspecto m\u00e1s valioso de utilizar la verificaci\u00f3n en dos pasos es el aumento de la seguridad. Cualquier intento de acceso por parte de intrusos se ve frustrado cuando el mecanismo se pone en marcha. La eficacia del proceso de verificaci\u00f3n detiene a los intrusos malintencionados.\u00a0<\/p><p><strong>Alerta de actividad sospechosa \u2013<\/strong> La mayor\u00eda de las veces, los sistemas 2FA incluyen una alerta que se env\u00eda a los usuarios cuando se inicia una actividad sospechosa. Esto te permite tomar medidas inmediatas para evitar cualquier tipo de robo de datos o acceso indebido.<\/p><p><strong>Seguridad en diferentes dispositivos \u2013<\/strong> Muchas personas acceden a sus cuentas a trav\u00e9s de diferentes dispositivos, y mediante el uso de la autenticaci\u00f3n de dos factores se garantiza la seguridad en todos ellos.<\/p><p><strong>Reducci\u00f3n de la fuga de datos \u2013<\/strong> La autenticaci\u00f3n de dos factores reduce la posibilidad de robo de datos. La informaci\u00f3n almacenada est\u00e1 m\u00e1s segura, ya que el mecanismo reduce la posibilidad de acceso por parte de personas malintencionadas.<\/p>\t\t\t\t\t\t\t\t<\/div>\n\t\t\t\t<\/div>\n\t\t\t\t<div class=\"elementor-element elementor-element-39d14bd elementor-widget elementor-widget-text-editor\" data-id=\"39d14bd\" data-element_type=\"widget\" data-e-type=\"widget\" data-widget_type=\"text-editor.default\">\n\t\t\t\t<div class=\"elementor-widget-container\">\n\t\t\t\t\t\t\t\t\t<h2><strong>3. Funcionamiento de los mecanismos de verificaci\u00f3n en dos pasos (2FA)<\/strong><\/h2><p><br \/>Entiende c\u00f3mo funcionan algunos de los mecanismos utilizados en el proceso de verificaci\u00f3n en dos pasos.<\/p><p><strong>Contrase\u00f1a y c\u00f3digo temporal<\/strong><\/p><p>Tras validar tu nombre de usuario y contrase\u00f1a, recibes un c\u00f3digo temporal \u00fanico en tu dispositivo, que debes introducir para completar el proceso de validaci\u00f3n.<\/p><p><strong>Contrase\u00f1a y aplicaci\u00f3n de autenticaci\u00f3n<\/strong><\/p><p>En este caso, la validaci\u00f3n se realiza mediante un c\u00f3digo generado por una aplicaci\u00f3n. Google o Microsoft Authenticator son algunos ejemplos.<\/p><p><strong>Contrase\u00f1a y biometr\u00eda<\/strong><\/p><p>Puede ser la huella dactilar, el reconocimiento facial o incluso el reconocimiento de voz. La segunda etapa de verificaci\u00f3n en este mecanismo tiende a aumentar la seguridad, ya que es algo muy particular, como la lectura de una huella dactilar, por ejemplo.<\/p>\t\t\t\t\t\t\t\t<\/div>\n\t\t\t\t<\/div>\n\t\t\t\t<div class=\"elementor-element elementor-element-77490da elementor-widget elementor-widget-text-editor\" data-id=\"77490da\" data-element_type=\"widget\" data-e-type=\"widget\" data-widget_type=\"text-editor.default\">\n\t\t\t\t<div class=\"elementor-widget-container\">\n\t\t\t\t\t\t\t\t\t<h2>\u00a0<\/h2><h2><strong>4. En Actio, el uso del doble factor de autenticaci\u00f3n (2FA) es indispensable.<\/strong><\/h2><p><br \/>Recuerda, la autenticaci\u00f3n de dos factores (2FA) es una capa extra de seguridad y muy importante para mantener tus datos seguros.<\/p><p>Los expertos en ciberseguridad recomiendan su uso y su eficacia est\u00e1 demostrada.<\/p>\t\t\t\t\t\t\t\t<\/div>\n\t\t\t\t<\/div>\n\t\t\t\t<div class=\"elementor-element elementor-element-1a3ccad elementor-widget elementor-widget-image\" data-id=\"1a3ccad\" data-element_type=\"widget\" data-e-type=\"widget\" data-widget_type=\"image.default\">\n\t\t\t\t<div class=\"elementor-widget-container\">\n\t\t\t\t\t\t\t\t\t\t\t\t\t\t\t<img decoding=\"async\" src=\"https:\/\/actiosoftware.com\/wp-content\/uploads\/2023\/11\/imagem-43-1000x563.png\" title=\"imagen (43)\" alt=\"imagen (43)\" loading=\"lazy\" \/>\t\t\t\t\t\t\t\t\t\t\t\t\t\t\t<\/div>\n\t\t\t\t<\/div>\n\t\t\t\t\t<\/div>\n\t\t\t\t<\/div>\n\t\t\t\t<\/div>","protected":false},"excerpt":{"rendered":"<p>Verifica\u00e7\u00e3o em duas etapas (2FA) Milhares de pessoas utilizam a internet no mundo todo. No Brasil, pesquisas recentes apontam que 65,6 milh\u00f5es de domic\u00edlios possuem acesso \u00e0 rede, ou seja, 90% dos brasileiros est\u00e3o conectados. Jornadas home-office, compras on-line, chamadas de v\u00eddeo, bancos digitais, aplicativos e outros elementos do mundo digital, fazem com que seja [&hellip;]<\/p>\n","protected":false},"author":1,"featured_media":0,"parent":0,"menu_order":0,"comment_status":"closed","ping_status":"closed","template":"","meta":{"_acf_changed":false,"content-type":"","site-sidebar-layout":"default","site-content-layout":"","ast-site-content-layout":"default","site-content-style":"default","site-sidebar-style":"default","ast-global-header-display":"","ast-banner-title-visibility":"","ast-main-header-display":"","ast-hfb-above-header-display":"","ast-hfb-below-header-display":"","ast-hfb-mobile-header-display":"","site-post-title":"","ast-breadcrumbs-content":"","ast-featured-img":"","footer-sml-layout":"","ast-disable-related-posts":"","theme-transparent-header-meta":"","adv-header-id-meta":"","stick-header-meta":"","header-above-stick-meta":"","header-main-stick-meta":"","header-below-stick-meta":"","astra-migrate-meta-layouts":"default","ast-page-background-enabled":"default","ast-page-background-meta":{"desktop":{"background-color":"var(--ast-global-color-4)","background-image":"","background-repeat":"repeat","background-position":"center center","background-size":"auto","background-attachment":"scroll","background-type":"","background-media":"","overlay-type":"","overlay-color":"","overlay-opacity":"","overlay-gradient":""},"tablet":{"background-color":"","background-image":"","background-repeat":"repeat","background-position":"center center","background-size":"auto","background-attachment":"scroll","background-type":"","background-media":"","overlay-type":"","overlay-color":"","overlay-opacity":"","overlay-gradient":""},"mobile":{"background-color":"","background-image":"","background-repeat":"repeat","background-position":"center center","background-size":"auto","background-attachment":"scroll","background-type":"","background-media":"","overlay-type":"","overlay-color":"","overlay-opacity":"","overlay-gradient":""}},"ast-content-background-meta":{"desktop":{"background-color":"var(--ast-global-color-5)","background-image":"","background-repeat":"repeat","background-position":"center center","background-size":"auto","background-attachment":"scroll","background-type":"","background-media":"","overlay-type":"","overlay-color":"","overlay-opacity":"","overlay-gradient":""},"tablet":{"background-color":"var(--ast-global-color-5)","background-image":"","background-repeat":"repeat","background-position":"center center","background-size":"auto","background-attachment":"scroll","background-type":"","background-media":"","overlay-type":"","overlay-color":"","overlay-opacity":"","overlay-gradient":""},"mobile":{"background-color":"var(--ast-global-color-5)","background-image":"","background-repeat":"repeat","background-position":"center center","background-size":"auto","background-attachment":"scroll","background-type":"","background-media":"","overlay-type":"","overlay-color":"","overlay-opacity":"","overlay-gradient":""}},"footnotes":""},"class_list":["post-38480","page","type-page","status-publish","hentry"],"acf":[],"yoast_head":"<!-- This site is optimized with the Yoast SEO Premium plugin v27.0 (Yoast SEO v27.4) - https:\/\/yoast.com\/product\/yoast-seo-premium-wordpress\/ -->\n<title>Verifica\u00e7\u00e3o em duas etapas (2FA) - Actio<\/title>\n<meta name=\"description\" content=\"Entenda o que \u00e9 a verifica\u00e7\u00e3o em duas etapas, seu conceito, sua import\u00e2ncia, as vantagens de utiliz\u00e1-la e como funciona na pr\u00e1tica.\" \/>\n<meta name=\"robots\" content=\"index, follow, max-snippet:-1, max-image-preview:large, max-video-preview:-1\" \/>\n<link rel=\"canonical\" href=\"https:\/\/actiosoftware.com\/es\/2fa-latam\/\" \/>\n<meta property=\"og:locale\" content=\"es_ES\" \/>\n<meta property=\"og:type\" content=\"article\" \/>\n<meta property=\"og:title\" content=\"Verifica\u00e7\u00e3o em duas etapas (2FA)\" \/>\n<meta property=\"og:description\" content=\"Entenda o que \u00e9 a verifica\u00e7\u00e3o em duas etapas, seu conceito, sua import\u00e2ncia, as vantagens de utiliz\u00e1-la e como funciona na pr\u00e1tica.\" \/>\n<meta property=\"og:url\" content=\"https:\/\/actiosoftware.com\/es\/2fa-latam\/\" \/>\n<meta property=\"og:site_name\" content=\"Actio\" \/>\n<meta property=\"article:publisher\" content=\"https:\/\/www.facebook.com\/actiobrasil\" \/>\n<meta property=\"article:modified_time\" content=\"2024-12-13T18:21:10+00:00\" \/>\n<meta property=\"og:image\" content=\"https:\/\/actiosoftware.com\/wp-content\/uploads\/2023\/11\/20945204-500x500.jpg\" \/>\n<meta name=\"twitter:card\" content=\"summary_large_image\" \/>\n<meta name=\"twitter:label1\" content=\"Tiempo de lectura\" \/>\n\t<meta name=\"twitter:data1\" content=\"4 minutos\" \/>\n<script type=\"application\/ld+json\" class=\"yoast-schema-graph\">{\"@context\":\"https:\\\/\\\/schema.org\",\"@graph\":[{\"@type\":\"WebPage\",\"@id\":\"https:\\\/\\\/actiosoftware.com\\\/verificacao-em-duas-etapas\\\/\",\"url\":\"https:\\\/\\\/actiosoftware.com\\\/verificacao-em-duas-etapas\\\/\",\"name\":\"Verifica\u00e7\u00e3o em duas etapas (2FA) - Actio\",\"isPartOf\":{\"@id\":\"https:\\\/\\\/actiosoftware.com\\\/#website\"},\"primaryImageOfPage\":{\"@id\":\"https:\\\/\\\/actiosoftware.com\\\/verificacao-em-duas-etapas\\\/#primaryimage\"},\"image\":{\"@id\":\"https:\\\/\\\/actiosoftware.com\\\/verificacao-em-duas-etapas\\\/#primaryimage\"},\"thumbnailUrl\":\"https:\\\/\\\/actiosoftware.com\\\/wp-content\\\/uploads\\\/2023\\\/11\\\/20945204-500x500.jpg\",\"datePublished\":\"2023-11-10T14:03:58+00:00\",\"dateModified\":\"2024-12-13T18:21:10+00:00\",\"description\":\"Entenda o que \u00e9 a verifica\u00e7\u00e3o em duas etapas, seu conceito, sua import\u00e2ncia, as vantagens de utiliz\u00e1-la e como funciona na pr\u00e1tica.\",\"breadcrumb\":{\"@id\":\"https:\\\/\\\/actiosoftware.com\\\/verificacao-em-duas-etapas\\\/#breadcrumb\"},\"inLanguage\":\"es\",\"potentialAction\":[{\"@type\":\"ReadAction\",\"target\":[\"https:\\\/\\\/actiosoftware.com\\\/verificacao-em-duas-etapas\\\/\"]}]},{\"@type\":\"ImageObject\",\"inLanguage\":\"es\",\"@id\":\"https:\\\/\\\/actiosoftware.com\\\/verificacao-em-duas-etapas\\\/#primaryimage\",\"url\":\"https:\\\/\\\/actiosoftware.com\\\/wp-content\\\/uploads\\\/2023\\\/11\\\/20945204-500x500.jpg\",\"contentUrl\":\"https:\\\/\\\/actiosoftware.com\\\/wp-content\\\/uploads\\\/2023\\\/11\\\/20945204-500x500.jpg\"},{\"@type\":\"BreadcrumbList\",\"@id\":\"https:\\\/\\\/actiosoftware.com\\\/verificacao-em-duas-etapas\\\/#breadcrumb\",\"itemListElement\":[{\"@type\":\"ListItem\",\"position\":1,\"name\":\"In\u00edcio\",\"item\":\"https:\\\/\\\/actiosoftware.com\\\/\"},{\"@type\":\"ListItem\",\"position\":2,\"name\":\"Verifica\u00e7\u00e3o em duas etapas (2FA)\"}]},{\"@type\":\"WebSite\",\"@id\":\"https:\\\/\\\/actiosoftware.com\\\/#website\",\"url\":\"https:\\\/\\\/actiosoftware.com\\\/\",\"name\":\"Actio\",\"description\":\"Softwares para gest\u00e3o estrat\u00e9gica\",\"publisher\":{\"@id\":\"https:\\\/\\\/actiosoftware.com\\\/#organization\"},\"potentialAction\":[{\"@type\":\"SearchAction\",\"target\":{\"@type\":\"EntryPoint\",\"urlTemplate\":\"https:\\\/\\\/actiosoftware.com\\\/?s={search_term_string}\"},\"query-input\":{\"@type\":\"PropertyValueSpecification\",\"valueRequired\":true,\"valueName\":\"search_term_string\"}}],\"inLanguage\":\"es\"},{\"@type\":\"Organization\",\"@id\":\"https:\\\/\\\/actiosoftware.com\\\/#organization\",\"name\":\"Actio\",\"url\":\"https:\\\/\\\/actiosoftware.com\\\/\",\"logo\":{\"@type\":\"ImageObject\",\"inLanguage\":\"es\",\"@id\":\"https:\\\/\\\/actiosoftware.com\\\/#\\\/schema\\\/logo\\\/image\\\/\",\"url\":\"https:\\\/\\\/actiosoftware.com\\\/wp-content\\\/uploads\\\/2020\\\/02\\\/logo-150x37-3.png\",\"contentUrl\":\"https:\\\/\\\/actiosoftware.com\\\/wp-content\\\/uploads\\\/2020\\\/02\\\/logo-150x37-3.png\",\"width\":150,\"height\":37,\"caption\":\"Actio\"},\"image\":{\"@id\":\"https:\\\/\\\/actiosoftware.com\\\/#\\\/schema\\\/logo\\\/image\\\/\"},\"sameAs\":[\"https:\\\/\\\/www.facebook.com\\\/actiobrasil\",\"https:\\\/\\\/www.instagram.com\\\/actiobrasil\\\/\",\"https:\\\/\\\/www.linkedin.com\\\/company\\\/actiosoftware\\\/\"]}]}<\/script>\n<!-- \/ Yoast SEO Premium plugin. -->","yoast_head_json":{"title":"Verificaci\u00f3n de dos pasos (2FA)","description":"Entiende qu\u00e9 es la verificaci\u00f3n en dos pasos, su concepto, su importancia, las ventajas de utilizarla y c\u00f3mo funciona en la pr\u00e1ctica.","robots":{"index":"index","follow":"follow","max-snippet":"max-snippet:-1","max-image-preview":"max-image-preview:large","max-video-preview":"max-video-preview:-1"},"canonical":"https:\/\/actiosoftware.com\/es\/2fa-latam\/","og_locale":"es_ES","og_type":"article","og_title":"Verifica\u00e7\u00e3o em duas etapas (2FA)","og_description":"Entenda o que \u00e9 a verifica\u00e7\u00e3o em duas etapas, seu conceito, sua import\u00e2ncia, as vantagens de utiliz\u00e1-la e como funciona na pr\u00e1tica.","og_url":"https:\/\/actiosoftware.com\/es\/2fa-latam\/","og_site_name":"Actio","article_publisher":"https:\/\/www.facebook.com\/actiobrasil","article_modified_time":"2024-12-13T18:21:10+00:00","og_image":[{"url":"https:\/\/actiosoftware.com\/wp-content\/uploads\/2023\/11\/20945204-500x500.jpg","type":"","width":"","height":""}],"twitter_card":"summary_large_image","twitter_misc":{"Tiempo de lectura":"4 minutos"},"schema":{"@context":"https:\/\/schema.org","@graph":[{"@type":"WebPage","@id":"https:\/\/actiosoftware.com\/verificacao-em-duas-etapas\/","url":"https:\/\/actiosoftware.com\/verificacao-em-duas-etapas\/","name":"Verificaci\u00f3n de dos pasos (2FA)","isPartOf":{"@id":"https:\/\/actiosoftware.com\/#website"},"primaryImageOfPage":{"@id":"https:\/\/actiosoftware.com\/verificacao-em-duas-etapas\/#primaryimage"},"image":{"@id":"https:\/\/actiosoftware.com\/verificacao-em-duas-etapas\/#primaryimage"},"thumbnailUrl":"https:\/\/actiosoftware.com\/wp-content\/uploads\/2023\/11\/20945204-500x500.jpg","datePublished":"2023-11-10T14:03:58+00:00","dateModified":"2024-12-13T18:21:10+00:00","description":"Entiende qu\u00e9 es la verificaci\u00f3n en dos pasos, su concepto, su importancia, las ventajas de utilizarla y c\u00f3mo funciona en la pr\u00e1ctica.","breadcrumb":{"@id":"https:\/\/actiosoftware.com\/verificacao-em-duas-etapas\/#breadcrumb"},"inLanguage":"es","potentialAction":[{"@type":"ReadAction","target":["https:\/\/actiosoftware.com\/verificacao-em-duas-etapas\/"]}]},{"@type":"ImageObject","inLanguage":"es","@id":"https:\/\/actiosoftware.com\/verificacao-em-duas-etapas\/#primaryimage","url":"https:\/\/actiosoftware.com\/wp-content\/uploads\/2023\/11\/20945204-500x500.jpg","contentUrl":"https:\/\/actiosoftware.com\/wp-content\/uploads\/2023\/11\/20945204-500x500.jpg"},{"@type":"BreadcrumbList","@id":"https:\/\/actiosoftware.com\/verificacao-em-duas-etapas\/#breadcrumb","itemListElement":[{"@type":"ListItem","position":1,"name":"In\u00edcio","item":"https:\/\/actiosoftware.com\/"},{"@type":"ListItem","position":2,"name":"Verifica\u00e7\u00e3o em duas etapas (2FA)"}]},{"@type":"WebSite","@id":"https:\/\/actiosoftware.com\/#website","url":"https:\/\/actiosoftware.com\/","name":"Actio","description":"Softwares para gest\u00e3o estrat\u00e9gica","publisher":{"@id":"https:\/\/actiosoftware.com\/#organization"},"potentialAction":[{"@type":"SearchAction","target":{"@type":"EntryPoint","urlTemplate":"https:\/\/actiosoftware.com\/?s={search_term_string}"},"query-input":{"@type":"PropertyValueSpecification","valueRequired":true,"valueName":"search_term_string"}}],"inLanguage":"es"},{"@type":"Organization","@id":"https:\/\/actiosoftware.com\/#organization","name":"Actio","url":"https:\/\/actiosoftware.com\/","logo":{"@type":"ImageObject","inLanguage":"es","@id":"https:\/\/actiosoftware.com\/#\/schema\/logo\/image\/","url":"https:\/\/actiosoftware.com\/wp-content\/uploads\/2020\/02\/logo-150x37-3.png","contentUrl":"https:\/\/actiosoftware.com\/wp-content\/uploads\/2020\/02\/logo-150x37-3.png","width":150,"height":37,"caption":"Actio"},"image":{"@id":"https:\/\/actiosoftware.com\/#\/schema\/logo\/image\/"},"sameAs":["https:\/\/www.facebook.com\/actiobrasil","https:\/\/www.instagram.com\/actiobrasil\/","https:\/\/www.linkedin.com\/company\/actiosoftware\/"]}]}},"_links":{"self":[{"href":"https:\/\/actiosoftware.com\/es\/wp-json\/wp\/v2\/pages\/38480","targetHints":{"allow":["GET"]}}],"collection":[{"href":"https:\/\/actiosoftware.com\/es\/wp-json\/wp\/v2\/pages"}],"about":[{"href":"https:\/\/actiosoftware.com\/es\/wp-json\/wp\/v2\/types\/page"}],"author":[{"embeddable":true,"href":"https:\/\/actiosoftware.com\/es\/wp-json\/wp\/v2\/users\/1"}],"replies":[{"embeddable":true,"href":"https:\/\/actiosoftware.com\/es\/wp-json\/wp\/v2\/comments?post=38480"}],"version-history":[{"count":0,"href":"https:\/\/actiosoftware.com\/es\/wp-json\/wp\/v2\/pages\/38480\/revisions"}],"wp:attachment":[{"href":"https:\/\/actiosoftware.com\/es\/wp-json\/wp\/v2\/media?parent=38480"}],"curies":[{"name":"wp","href":"https:\/\/api.w.org\/{rel}","templated":true}]}}