{"id":23694,"date":"2021-04-29T01:47:14","date_gmt":"2021-04-29T01:47:14","guid":{"rendered":"https:\/\/actiosoftware.com?page_id=23694"},"modified":"2025-01-08T11:20:48","modified_gmt":"2025-01-08T14:20:48","slug":"privacidad","status":"publish","type":"page","link":"https:\/\/actiosoftware.com\/es\/privacidade\/","title":{"rendered":"Pol\u00edtica de privacidad"},"content":{"rendered":"<div data-elementor-type=\"wp-page\" data-elementor-id=\"23694\" class=\"elementor elementor-23694\" data-elementor-post-type=\"page\">\n\t\t\t\t<div class=\"elementor-element elementor-element-40c816b banner-bg e-flex e-con-boxed e-con e-parent\" data-id=\"40c816b\" data-element_type=\"container\" data-e-type=\"container\" data-settings=\"{&quot;background_background&quot;:&quot;classic&quot;,&quot;shape_divider_bottom&quot;:&quot;waves&quot;}\">\n\t\t\t\t\t<div class=\"e-con-inner\">\n\t\t\t\t<div class=\"elementor-shape elementor-shape-bottom\" aria-hidden=\"true\" data-negative=\"false\">\n\t\t\t<svg xmlns=\"http:\/\/www.w3.org\/2000\/svg\" viewbox=\"0 0 1000 100\" preserveaspectratio=\"none\">\n\t<path class=\"elementor-shape-fill\" d=\"M421.9,6.5c22.6-2.5,51.5,0.4,75.5,5.3c23.6,4.9,70.9,23.5,100.5,35.7c75.8,32.2,133.7,44.5,192.6,49.7\tc23.6,2.1,48.7,3.5,103.4-2.5c54.7-6,106.2-25.6,106.2-25.6V0H0v30.3c0,0,72,32.6,158.4,30.5c39.2-0.7,92.8-6.7,134-22.4\tc21.2-8.1,52.2-18.2,79.7-24.2C399.3,7.9,411.6,7.5,421.9,6.5z\"\/>\n<\/svg>\t\t<\/div>\n\t\t<div class=\"elementor-element elementor-element-dd405db e-con-full e-flex e-con e-child\" data-id=\"dd405db\" data-element_type=\"container\" data-e-type=\"container\" data-settings=\"{&quot;animation&quot;:&quot;none&quot;}\">\n\t\t\t\t<div class=\"elementor-element elementor-element-e4d3e62 elementor-invisible elementor-widget elementor-widget-heading\" data-id=\"e4d3e62\" data-element_type=\"widget\" data-e-type=\"widget\" data-settings=\"{&quot;_animation&quot;:&quot;fadeInLeft&quot;}\" data-widget_type=\"heading.default\">\n\t\t\t\t<div class=\"elementor-widget-container\">\n\t\t\t\t\t<h1 class=\"elementor-heading-title elementor-size-default\">Pol\u00edtica de privacidad<\/h1>\t\t\t\t<\/div>\n\t\t\t\t<\/div>\n\t\t\t\t<div class=\"elementor-element elementor-element-96f117a elementor-widget elementor-widget-heading\" data-id=\"96f117a\" data-element_type=\"widget\" data-e-type=\"widget\" data-widget_type=\"heading.default\">\n\t\t\t\t<div class=\"elementor-widget-container\">\n\t\t\t\t\t<style>.elementor-element-96f117a{display:none !important}<\/style>\t\t\t\t<\/div>\n\t\t\t\t<\/div>\n\t\t\t\t<\/div>\n\t\t\t\t\t<\/div>\n\t\t\t\t<\/div>\n\t\t\t\t<section class=\"elementor-section elementor-top-section elementor-element elementor-element-d8040bb elementor-section-boxed elementor-section-height-default elementor-section-height-default\" data-id=\"d8040bb\" data-element_type=\"section\" data-e-type=\"section\">\n\t\t\t\t\t\t<div class=\"elementor-container elementor-column-gap-default\">\n\t\t\t\t\t<div class=\"elementor-column elementor-col-100 elementor-top-column elementor-element elementor-element-2171919\" data-id=\"2171919\" data-element_type=\"column\" data-e-type=\"column\">\n\t\t\t<div class=\"elementor-widget-wrap elementor-element-populated\">\n\t\t\t\t\t\t<div class=\"elementor-element elementor-element-c5a105b elementor-widget elementor-widget-text-editor\" data-id=\"c5a105b\" data-element_type=\"widget\" data-e-type=\"widget\" data-widget_type=\"text-editor.default\">\n\t\t\t\t<div class=\"elementor-widget-container\">\n\t\t\t\t\t<style>.elementor-element-c5a105b{display:none !important}<\/style>\t\t\t\t<\/div>\n\t\t\t\t<\/div>\n\t\t\t\t<div class=\"elementor-element elementor-element-cc303ba elementor-widget elementor-widget-text-editor\" data-id=\"cc303ba\" data-element_type=\"widget\" data-e-type=\"widget\" data-widget_type=\"text-editor.default\">\n\t\t\t\t<div class=\"elementor-widget-container\">\n\t\t\t\t\t<style>.elementor-element-cc303ba{display:none !important}<\/style>\t\t\t\t<\/div>\n\t\t\t\t<\/div>\n\t\t\t\t<div class=\"elementor-element elementor-element-1f37483 elementor-widget elementor-widget-text-editor\" data-id=\"1f37483\" data-element_type=\"widget\" data-e-type=\"widget\" data-widget_type=\"text-editor.default\">\n\t\t\t\t<div class=\"elementor-widget-container\">\n\t\t\t\t\t\t\t\t\t<p>Su privacidad es muy importante para nosotros. Recogemos y utilizamos algunos datos personales pertenecientes a quienes utilizan nuestro sitio web. Al hacerlo, actuamos como responsables del tratamiento de estos datos y estamos sujetos a las disposiciones de la Ley Federal n\u00ba 13.709\/2018 (Ley General de Protecci\u00f3n de Datos Personales - Brasil). Respetamos su privacidad en relaci\u00f3n con cualquier informaci\u00f3n que podamos recopilar en nuestro sitio web.<\/p><p>S\u00f3lo conservamos la informaci\u00f3n recopilada durante el tiempo necesario para prestar el servicio solicitado. Cuando almacenamos datos, los protegemos con medios comercialmente aceptables para evitar p\u00e9rdidas y robos, as\u00ed como el acceso, la divulgaci\u00f3n, la copia, el uso o la modificaci\u00f3n no autorizados. No compartimos informaci\u00f3n personal identificable p\u00fablicamente ni con terceros, excepto cuando lo exige la ley.<\/p><p>\u00a0<\/p><h2><strong>Bases jur\u00eddicas del tratamiento de datos personales<\/strong><\/h2><p>Una base jur\u00eddica para el tratamiento de datos personales no es m\u00e1s que un fundamento jur\u00eddico, previsto por la ley, que lo justifica. As\u00ed, cada operaci\u00f3n de tratamiento de datos personales debe tener su correspondiente base jur\u00eddica.<\/p><p>Tratamos los datos personales de nuestros usuarios en los siguientes casos:<\/p><ol><li>Con el consentimiento del titular de los datos personales<\/li><li>Cuando sea necesario para atender los intereses leg\u00edtimos del responsable del tratamiento o de un tercero.<\/li><\/ol><p>\u00a0<\/p><ol><li><h3><strong> Consentimiento<\/strong><\/h3><\/li><\/ol><p>Determinadas operaciones de tratamiento de datos personales realizadas en nuestro sitio web depender\u00e1n del previo consentimiento del usuario, que deber\u00e1 manifestarlo de forma libre, informada e inequ\u00edvoca.<\/p><p>El usuario puede revocar su consentimiento en cualquier momento y, si no existe ninguna posibilidad legal que permita o exija el almacenamiento de los datos, se eliminar\u00e1n los datos facilitados mediante consentimiento.<\/p><p>Adem\u00e1s, si as\u00ed lo desean, los usuarios pueden no aceptar ninguna operaci\u00f3n de tratamiento de datos personales basada en el consentimiento. En estos casos, sin embargo, es posible que no pueda utilizar alguna funcionalidad del sitio web que dependa de esta operaci\u00f3n. Se informar\u00e1 de las consecuencias de la falta de consentimiento para una actividad espec\u00edfica antes del tratamiento.<\/p><ol start=\"2\"><li><h3><strong> Inter\u00e9s leg\u00edtimo<\/strong><\/h3><\/li><\/ol><p>Para determinadas operaciones de tratamiento de datos personales, nos basamos \u00fanicamente en nuestro inter\u00e9s leg\u00edtimo. Para saber m\u00e1s sobre qu\u00e9 casos concretos utilizamos esta base jur\u00eddica, o para obtener m\u00e1s informaci\u00f3n sobre las pruebas que llevamos a cabo para garantizar que podemos utilizarla, p\u00f3ngase en contacto con nuestro Responsable de Protecci\u00f3n de Datos Personales a trav\u00e9s de cualquiera de los canales indicados en esta Pol\u00edtica de Privacidad, en la secci\u00f3n \"Contacto\".<\/p><p>\u00a0<\/p><h2><strong>Derechos de los usuarios<\/strong><\/h2><p>El usuario del sitio web tiene los siguientes derechos, que le otorga la Ley de Protecci\u00f3n de Datos Personales:<\/p><p>- confirmaci\u00f3n de la existencia de tratamiento de datos;<\/p><p>- acceso a los datos;<\/p><p>- correcci\u00f3n de datos incompletos, inexactos u obsoletos;<\/p><p>- anonimizaci\u00f3n, bloqueo o supresi\u00f3n de datos innecesarios, excesivos o tratados de forma no conforme con las disposiciones legales;<\/p><p>- portabilidad de los datos a otro proveedor de servicios o productos, previa solicitud expresa, de acuerdo con la normativa de la autoridad nacional, con el debido respeto a los secretos comerciales e industriales;<\/p><p>- supresi\u00f3n de los datos personales tratados con el consentimiento del interesado, salvo en los casos previstos por la ley;<\/p><p>- informaci\u00f3n procedente de organismos p\u00fablicos y privados con los que el responsable del tratamiento haya hecho un uso compartido de los datos;<\/p><p>- informaci\u00f3n sobre la posibilidad de negar el consentimiento y sus consecuencias;<\/p><p>- revocaci\u00f3n del consentimiento.<\/p><p>Es importante se\u00f1alar que, en virtud de la LGPD, no existe derecho a suprimir los datos tratados por motivos legales distintos del consentimiento, a menos que los datos sean innecesarios, excesivos o tratados infringiendo la ley.<\/p><p>\u00a0<\/p><h2><strong>Distribuci\u00f3n de su informaci\u00f3n<\/strong><\/h2><p>Actio podr\u00e1 compartir su informaci\u00f3n personal con sus filiales y subsidiarias, as\u00ed como transferirla a otros pa\u00edses del mundo donde Actio tenga operaciones. Siempre salvaguardando la finalidad para la que fue recabada y respetando sus derechos de acceso, rectificaci\u00f3n, cancelaci\u00f3n u oposici\u00f3n.<\/p><p>\u00a0<\/p><h2><strong>Medidas de seguridad en el tratamiento de datos personales<\/strong><\/h2><p>Las medidas que utilizamos tienen en cuenta la naturaleza de los datos, el contexto y la finalidad del tratamiento, los riesgos que una eventual violaci\u00f3n generar\u00eda para los derechos y libertades del usuario y las normas utilizadas actualmente en el mercado por empresas similares a la nuestra.<\/p><p>Aunque hacemos todo lo que est\u00e1 en nuestra mano para evitar incidentes de seguridad, es posible que se produzca un problema causado exclusivamente por un tercero, como en el caso de ciberataques, o incluso en el caso de negligencia del usuario que se produce, por ejemplo, en los casos en que el usuario cede sus datos a un tercero mediante enga\u00f1o o manipulaci\u00f3n. As\u00ed pues, aunque en general somos responsables de los datos personales que tratamos, quedamos exentos de responsabilidad en caso de que se produzca una situaci\u00f3n excepcional como \u00e9stas, sobre las que no tenemos ning\u00fan control.<\/p><p>En cualquier caso, ante cualquier tipo de incidente de seguridad que pueda causar un riesgo o da\u00f1o significativo a cualquiera de nuestros usuarios, notificaremos lo sucedido a los afectados y a la Autoridad Nacional de Protecci\u00f3n de Datos, de conformidad con lo dispuesto en la LGPD.<\/p><p>\u00a0<\/p><h2><strong>P\u00f3ngase en contacto con una autoridad reguladora<\/strong><\/h2><p>Sin perjuicio de cualquier otro recurso administrativo o judicial, los titulares de datos personales que se sientan de alg\u00fan modo perjudicados podr\u00e1n presentar una reclamaci\u00f3n ante la Autoridad Nacional de Protecci\u00f3n de Datos.<\/p><p>\u00a0<\/p><h2><strong>Cambios en esta pol\u00edtica<\/strong><\/h2><p>Esta versi\u00f3n de la Pol\u00edtica de privacidad se actualiz\u00f3 por \u00faltima vez el: 03\/05\/2021.<\/p><p>Nos reservamos el derecho a modificar estas normas en cualquier momento, especialmente para adaptarlas a cualquier cambio realizado en nuestro sitio web, ya sea proporcionando nuevas funciones, suprimiendo o modificando las existentes.<\/p><p>Siempre que se produzca un cambio, se notificar\u00e1 a nuestros usuarios.<\/p><p>\u00bfSigue teniendo preguntas? \u00a1Cont\u00e1ctenos!<\/p><p>Si tiene alguna pregunta o duda, p\u00f3ngase en contacto con nuestro Servicio de Atenci\u00f3n al Cliente.<\/p><p>Software Actio<br \/><a href=\"mailto:marketing@actiosoftware.com\">marketing@actiosoftware.com<\/a><\/p><p>\u00a0<\/p><h2><strong>Pol\u00edtica de cookies de Actio<\/strong><\/h2><p>Este sitio web utiliza cookies. Algunas cookies son necesarias para permitir funciones b\u00e1sicas sin las cuales el sitio web no puede funcionar correctamente. Otras cookies son opcionales y pueden colocarse en su dispositivo para mejorar su experiencia, recopilar estad\u00edsticas, optimizar las funciones del sitio web y ofrecer contenidos personalizados. Estas pueden incluir cookies colocadas por servicios de terceros que aparecen en nuestras p\u00e1ginas web y tambi\u00e9n pueden ser utilizadas por estos terceros para sus propios fines. Si acepta todas las cookies opcionales y luego desea cancelarlas, no se preocupe, puede cambiar sus preferencias en cualquier momento.<\/p><p>IMPORTANTE: Las cookies no permiten extraer ning\u00fan archivo o informaci\u00f3n del disco duro del usuario, y no es posible, a trav\u00e9s de ellas, acceder a informaci\u00f3n personal que no haya sido emitida por el usuario, ni a la forma en que utiliza los recursos del sitio web.<\/p>\t\t\t\t\t\t\t\t<\/div>\n\t\t\t\t<\/div>\n\t\t\t\t\t<\/div>\n\t\t<\/div>\n\t\t\t\t\t<\/div>\n\t\t<\/section>\n\t\t\t\t<\/div>","protected":false},"excerpt":{"rendered":"<p>Pol\u00edtica de Privacidade LGPD Na\u202fActio, privacidade e seguran\u00e7a s\u00e3o prioridades e nos comprometemos com a transpar\u00eancia do tratamento de dados pessoais dos nossos usu\u00e1rios\/clientes. Por isso, esta Pol\u00edtica de Privacidade estabelece como \u00e9 feita a coleta,\u00a0o\u00a0uso e\u00a0a\u00a0transfer\u00eancia de informa\u00e7\u00f5es de clientes ou\u00a0de\u00a0outras pessoas que acessam ou usam nosso sistema.\u00a0 Ao utilizar nossos servi\u00e7os, voc\u00ea entende [&hellip;]<\/p>\n","protected":false},"author":1,"featured_media":0,"parent":0,"menu_order":0,"comment_status":"closed","ping_status":"closed","template":"","meta":{"_acf_changed":false,"content-type":"","site-sidebar-layout":"default","site-content-layout":"","ast-site-content-layout":"default","site-content-style":"default","site-sidebar-style":"default","ast-global-header-display":"","ast-banner-title-visibility":"","ast-main-header-display":"","ast-hfb-above-header-display":"","ast-hfb-below-header-display":"","ast-hfb-mobile-header-display":"","site-post-title":"","ast-breadcrumbs-content":"","ast-featured-img":"","footer-sml-layout":"","ast-disable-related-posts":"","theme-transparent-header-meta":"","adv-header-id-meta":"","stick-header-meta":"","header-above-stick-meta":"","header-main-stick-meta":"","header-below-stick-meta":"","astra-migrate-meta-layouts":"default","ast-page-background-enabled":"default","ast-page-background-meta":{"desktop":{"background-color":"var(--ast-global-color-4)","background-image":"","background-repeat":"repeat","background-position":"center center","background-size":"auto","background-attachment":"scroll","background-type":"","background-media":"","overlay-type":"","overlay-color":"","overlay-opacity":"","overlay-gradient":""},"tablet":{"background-color":"","background-image":"","background-repeat":"repeat","background-position":"center center","background-size":"auto","background-attachment":"scroll","background-type":"","background-media":"","overlay-type":"","overlay-color":"","overlay-opacity":"","overlay-gradient":""},"mobile":{"background-color":"","background-image":"","background-repeat":"repeat","background-position":"center center","background-size":"auto","background-attachment":"scroll","background-type":"","background-media":"","overlay-type":"","overlay-color":"","overlay-opacity":"","overlay-gradient":""}},"ast-content-background-meta":{"desktop":{"background-color":"var(--ast-global-color-5)","background-image":"","background-repeat":"repeat","background-position":"center center","background-size":"auto","background-attachment":"scroll","background-type":"","background-media":"","overlay-type":"","overlay-color":"","overlay-opacity":"","overlay-gradient":""},"tablet":{"background-color":"var(--ast-global-color-5)","background-image":"","background-repeat":"repeat","background-position":"center center","background-size":"auto","background-attachment":"scroll","background-type":"","background-media":"","overlay-type":"","overlay-color":"","overlay-opacity":"","overlay-gradient":""},"mobile":{"background-color":"var(--ast-global-color-5)","background-image":"","background-repeat":"repeat","background-position":"center center","background-size":"auto","background-attachment":"scroll","background-type":"","background-media":"","overlay-type":"","overlay-color":"","overlay-opacity":"","overlay-gradient":""}},"footnotes":""},"class_list":["post-23694","page","type-page","status-publish","hentry"],"acf":[],"yoast_head":"<!-- This site is optimized with the Yoast SEO Premium plugin v27.0 (Yoast SEO v27.4) - https:\/\/yoast.com\/product\/yoast-seo-premium-wordpress\/ -->\n<title>Pol\u00edtica de Privacidade LGPD - Actio - Actio<\/title>\n<meta name=\"description\" content=\"Privacidade e seguran\u00e7a s\u00e3o prioridades e nos comprometemos com a transpar\u00eancia do tratamento de dados pessoais dos nossos usu\u00e1rios\/clientes.\" \/>\n<meta name=\"robots\" content=\"index, follow, max-snippet:-1, max-image-preview:large, max-video-preview:-1\" \/>\n<link rel=\"canonical\" href=\"https:\/\/actiosoftware.com\/es\/privacidad\/\" \/>\n<meta property=\"og:locale\" content=\"es_ES\" \/>\n<meta property=\"og:type\" content=\"article\" \/>\n<meta property=\"og:title\" content=\"Privacidade\" \/>\n<meta property=\"og:description\" content=\"Privacidade e seguran\u00e7a s\u00e3o prioridades e nos comprometemos com a transpar\u00eancia do tratamento de dados pessoais dos nossos usu\u00e1rios\/clientes.\" \/>\n<meta property=\"og:url\" content=\"https:\/\/actiosoftware.com\/es\/privacidad\/\" \/>\n<meta property=\"og:site_name\" content=\"Actio\" \/>\n<meta property=\"article:publisher\" content=\"https:\/\/www.facebook.com\/actiobrasil\" \/>\n<meta property=\"article:modified_time\" content=\"2025-01-08T14:20:48+00:00\" \/>\n<meta name=\"twitter:card\" content=\"summary_large_image\" \/>\n<meta name=\"twitter:label1\" content=\"Tiempo de lectura\" \/>\n\t<meta name=\"twitter:data1\" content=\"25 minutos\" \/>\n<script type=\"application\/ld+json\" class=\"yoast-schema-graph\">{\"@context\":\"https:\\\/\\\/schema.org\",\"@graph\":[{\"@type\":\"WebPage\",\"@id\":\"https:\\\/\\\/actiosoftware.com\\\/privacidade\\\/\",\"url\":\"https:\\\/\\\/actiosoftware.com\\\/privacidade\\\/\",\"name\":\"Pol\u00edtica de Privacidade LGPD - Actio - Actio\",\"isPartOf\":{\"@id\":\"https:\\\/\\\/actiosoftware.com\\\/#website\"},\"datePublished\":\"2021-04-29T01:47:14+00:00\",\"dateModified\":\"2025-01-08T14:20:48+00:00\",\"description\":\"Privacidade e seguran\u00e7a s\u00e3o prioridades e nos comprometemos com a transpar\u00eancia do tratamento de dados pessoais dos nossos usu\u00e1rios\\\/clientes.\",\"breadcrumb\":{\"@id\":\"https:\\\/\\\/actiosoftware.com\\\/privacidade\\\/#breadcrumb\"},\"inLanguage\":\"es\",\"potentialAction\":[{\"@type\":\"ReadAction\",\"target\":[\"https:\\\/\\\/actiosoftware.com\\\/privacidade\\\/\"]}]},{\"@type\":\"BreadcrumbList\",\"@id\":\"https:\\\/\\\/actiosoftware.com\\\/privacidade\\\/#breadcrumb\",\"itemListElement\":[{\"@type\":\"ListItem\",\"position\":1,\"name\":\"In\u00edcio\",\"item\":\"https:\\\/\\\/actiosoftware.com\\\/\"},{\"@type\":\"ListItem\",\"position\":2,\"name\":\"Privacidade\"}]},{\"@type\":\"WebSite\",\"@id\":\"https:\\\/\\\/actiosoftware.com\\\/#website\",\"url\":\"https:\\\/\\\/actiosoftware.com\\\/\",\"name\":\"Actio\",\"description\":\"Softwares para gest\u00e3o estrat\u00e9gica\",\"publisher\":{\"@id\":\"https:\\\/\\\/actiosoftware.com\\\/#organization\"},\"potentialAction\":[{\"@type\":\"SearchAction\",\"target\":{\"@type\":\"EntryPoint\",\"urlTemplate\":\"https:\\\/\\\/actiosoftware.com\\\/?s={search_term_string}\"},\"query-input\":{\"@type\":\"PropertyValueSpecification\",\"valueRequired\":true,\"valueName\":\"search_term_string\"}}],\"inLanguage\":\"es\"},{\"@type\":\"Organization\",\"@id\":\"https:\\\/\\\/actiosoftware.com\\\/#organization\",\"name\":\"Actio\",\"url\":\"https:\\\/\\\/actiosoftware.com\\\/\",\"logo\":{\"@type\":\"ImageObject\",\"inLanguage\":\"es\",\"@id\":\"https:\\\/\\\/actiosoftware.com\\\/#\\\/schema\\\/logo\\\/image\\\/\",\"url\":\"https:\\\/\\\/actiosoftware.com\\\/wp-content\\\/uploads\\\/2020\\\/02\\\/logo-150x37-3.png\",\"contentUrl\":\"https:\\\/\\\/actiosoftware.com\\\/wp-content\\\/uploads\\\/2020\\\/02\\\/logo-150x37-3.png\",\"width\":150,\"height\":37,\"caption\":\"Actio\"},\"image\":{\"@id\":\"https:\\\/\\\/actiosoftware.com\\\/#\\\/schema\\\/logo\\\/image\\\/\"},\"sameAs\":[\"https:\\\/\\\/www.facebook.com\\\/actiobrasil\",\"https:\\\/\\\/www.instagram.com\\\/actiobrasil\\\/\",\"https:\\\/\\\/www.linkedin.com\\\/company\\\/actiosoftware\\\/\"]}]}<\/script>\n<!-- \/ Yoast SEO Premium plugin. -->","yoast_head_json":{"title":"Pol\u00edtica de privacidad - Actio","description":"La privacidad y la seguridad son prioridades y estamos comprometidos con la transparencia en el tratamiento de los datos personales de nuestros usuarios\/clientes.","robots":{"index":"index","follow":"follow","max-snippet":"max-snippet:-1","max-image-preview":"max-image-preview:large","max-video-preview":"max-video-preview:-1"},"canonical":"https:\/\/actiosoftware.com\/es\/privacidad\/","og_locale":"es_ES","og_type":"article","og_title":"Privacidade","og_description":"Privacidade e seguran\u00e7a s\u00e3o prioridades e nos comprometemos com a transpar\u00eancia do tratamento de dados pessoais dos nossos usu\u00e1rios\/clientes.","og_url":"https:\/\/actiosoftware.com\/es\/privacidad\/","og_site_name":"Actio","article_publisher":"https:\/\/www.facebook.com\/actiobrasil","article_modified_time":"2025-01-08T14:20:48+00:00","twitter_card":"summary_large_image","twitter_misc":{"Tiempo de lectura":"25 minutos"},"schema":{"@context":"https:\/\/schema.org","@graph":[{"@type":"WebPage","@id":"https:\/\/actiosoftware.com\/privacidade\/","url":"https:\/\/actiosoftware.com\/privacidade\/","name":"Pol\u00edtica de privacidad - Actio","isPartOf":{"@id":"https:\/\/actiosoftware.com\/#website"},"datePublished":"2021-04-29T01:47:14+00:00","dateModified":"2025-01-08T14:20:48+00:00","description":"La privacidad y la seguridad son prioridades y estamos comprometidos con la transparencia en el tratamiento de los datos personales de nuestros usuarios\/clientes.","breadcrumb":{"@id":"https:\/\/actiosoftware.com\/privacidade\/#breadcrumb"},"inLanguage":"es","potentialAction":[{"@type":"ReadAction","target":["https:\/\/actiosoftware.com\/privacidade\/"]}]},{"@type":"BreadcrumbList","@id":"https:\/\/actiosoftware.com\/privacidade\/#breadcrumb","itemListElement":[{"@type":"ListItem","position":1,"name":"In\u00edcio","item":"https:\/\/actiosoftware.com\/"},{"@type":"ListItem","position":2,"name":"Privacidade"}]},{"@type":"WebSite","@id":"https:\/\/actiosoftware.com\/#website","url":"https:\/\/actiosoftware.com\/","name":"Actio","description":"Softwares para gest\u00e3o estrat\u00e9gica","publisher":{"@id":"https:\/\/actiosoftware.com\/#organization"},"potentialAction":[{"@type":"SearchAction","target":{"@type":"EntryPoint","urlTemplate":"https:\/\/actiosoftware.com\/?s={search_term_string}"},"query-input":{"@type":"PropertyValueSpecification","valueRequired":true,"valueName":"search_term_string"}}],"inLanguage":"es"},{"@type":"Organization","@id":"https:\/\/actiosoftware.com\/#organization","name":"Actio","url":"https:\/\/actiosoftware.com\/","logo":{"@type":"ImageObject","inLanguage":"es","@id":"https:\/\/actiosoftware.com\/#\/schema\/logo\/image\/","url":"https:\/\/actiosoftware.com\/wp-content\/uploads\/2020\/02\/logo-150x37-3.png","contentUrl":"https:\/\/actiosoftware.com\/wp-content\/uploads\/2020\/02\/logo-150x37-3.png","width":150,"height":37,"caption":"Actio"},"image":{"@id":"https:\/\/actiosoftware.com\/#\/schema\/logo\/image\/"},"sameAs":["https:\/\/www.facebook.com\/actiobrasil","https:\/\/www.instagram.com\/actiobrasil\/","https:\/\/www.linkedin.com\/company\/actiosoftware\/"]}]}},"_links":{"self":[{"href":"https:\/\/actiosoftware.com\/es\/wp-json\/wp\/v2\/pages\/23694","targetHints":{"allow":["GET"]}}],"collection":[{"href":"https:\/\/actiosoftware.com\/es\/wp-json\/wp\/v2\/pages"}],"about":[{"href":"https:\/\/actiosoftware.com\/es\/wp-json\/wp\/v2\/types\/page"}],"author":[{"embeddable":true,"href":"https:\/\/actiosoftware.com\/es\/wp-json\/wp\/v2\/users\/1"}],"replies":[{"embeddable":true,"href":"https:\/\/actiosoftware.com\/es\/wp-json\/wp\/v2\/comments?post=23694"}],"version-history":[{"count":0,"href":"https:\/\/actiosoftware.com\/es\/wp-json\/wp\/v2\/pages\/23694\/revisions"}],"wp:attachment":[{"href":"https:\/\/actiosoftware.com\/es\/wp-json\/wp\/v2\/media?parent=23694"}],"curies":[{"name":"wp","href":"https:\/\/api.w.org\/{rel}","templated":true}]}}