{"id":38480,"date":"2023-11-10T11:03:58","date_gmt":"2023-11-10T14:03:58","guid":{"rendered":"https:\/\/actiosoftware.com?page_id=38480"},"modified":"2024-12-13T15:21:10","modified_gmt":"2024-12-13T18:21:10","slug":"2fa-north-america","status":"publish","type":"page","link":"https:\/\/actiosoftware.com\/en\/verificacao-em-duas-etapas\/","title":{"rendered":"Two-Step Verification (2FA)"},"content":{"rendered":"<div data-elementor-type=\"wp-page\" data-elementor-id=\"38480\" class=\"elementor elementor-38480\" data-elementor-post-type=\"page\">\n\t\t\t\t\t\t<section class=\"elementor-section elementor-top-section elementor-element elementor-element-4f154f elementor-section-boxed elementor-section-height-default elementor-section-height-default\" data-id=\"4f154f\" data-element_type=\"section\" data-e-type=\"section\" data-settings=\"{&quot;background_background&quot;:&quot;classic&quot;,&quot;shape_divider_bottom&quot;:&quot;triangle&quot;,&quot;shape_divider_bottom_negative&quot;:&quot;yes&quot;}\">\n\t\t\t\t\t\t\t<div class=\"elementor-background-overlay\"><\/div>\n\t\t\t\t\t\t<div class=\"elementor-shape elementor-shape-bottom\" aria-hidden=\"true\" data-negative=\"true\">\n\t\t\t<svg xmlns=\"http:\/\/www.w3.org\/2000\/svg\" viewbox=\"0 0 1000 100\" preserveaspectratio=\"none\">\n\t<path class=\"elementor-shape-fill\" d=\"M500.2,94.7L0,0v100h1000V0L500.2,94.7z\"\/>\n<\/svg>\t\t<\/div>\n\t\t\t\t\t<div class=\"elementor-container elementor-column-gap-default\">\n\t\t\t\t\t<div class=\"elementor-column elementor-col-100 elementor-top-column elementor-element elementor-element-eb787f8\" data-id=\"eb787f8\" data-element_type=\"column\" data-e-type=\"column\">\n\t\t\t<div class=\"elementor-widget-wrap elementor-element-populated\">\n\t\t\t\t\t\t<div class=\"elementor-element elementor-element-26d9c1fc elementor-widget elementor-widget-heading\" data-id=\"26d9c1fc\" data-element_type=\"widget\" data-e-type=\"widget\" data-widget_type=\"heading.default\">\n\t\t\t\t<div class=\"elementor-widget-container\">\n\t\t\t\t\t<h1 class=\"elementor-heading-title elementor-size-default\">Two-Step Verification (2FA)<\/h1>\t\t\t\t<\/div>\n\t\t\t\t<\/div>\n\t\t\t\t\t<\/div>\n\t\t<\/div>\n\t\t\t\t\t<\/div>\n\t\t<\/section>\n\t\t<div class=\"elementor-element elementor-element-9a254ee e-flex e-con-boxed e-con e-parent\" data-id=\"9a254ee\" data-element_type=\"container\" data-e-type=\"container\">\n\t\t\t\t\t<div class=\"e-con-inner\">\n\t\t\t\t<div class=\"elementor-element elementor-element-d51a182 elementor-widget elementor-widget-text-editor\" data-id=\"d51a182\" data-element_type=\"widget\" data-e-type=\"widget\" data-widget_type=\"text-editor.default\">\n\t\t\t\t<div class=\"elementor-widget-container\">\n\t\t\t\t\t\t\t\t\t<p>Millions of people use the internet worldwide. In Brazil, recent studies show that 65.6 million households have access to the internet, meaning 90% of Brazilians are connected.<\/p><p>Home-office work, online shopping, video calls, digital banking, apps, and other elements of the digital world make the circulation of personal data on the internet inevitable. The question is: are you sharing your data securely?<\/p><p>If you also use the internet for nearly everything in your life, it's crucial to understand two-factor authentication.<\/p>\t\t\t\t\t\t\t\t<\/div>\n\t\t\t\t<\/div>\n\t\t\t\t<div class=\"elementor-element elementor-element-a19a099 elementor-widget elementor-widget-image\" data-id=\"a19a099\" data-element_type=\"widget\" data-e-type=\"widget\" data-widget_type=\"image.default\">\n\t\t\t\t<div class=\"elementor-widget-container\">\n\t\t\t\t\t\t\t\t\t\t\t\t\t\t\t<img decoding=\"async\" src=\"https:\/\/actiosoftware.com\/wp-content\/uploads\/2023\/11\/20945204-500x500.jpg\" title=\"2FA\" alt=\"2FA\" loading=\"lazy\" \/>\t\t\t\t\t\t\t\t\t\t\t\t\t\t\t<\/div>\n\t\t\t\t<\/div>\n\t\t\t\t<div class=\"elementor-element elementor-element-f87a83a elementor-widget elementor-widget-text-editor\" data-id=\"f87a83a\" data-element_type=\"widget\" data-e-type=\"widget\" data-widget_type=\"text-editor.default\">\n\t\t\t\t<div class=\"elementor-widget-container\">\n\t\t\t\t\t\t\t\t\t<h2><strong>1. What is Two-Factor Authentication or Two-Step Verification?<\/strong><\/h2><p><br \/>Authentication means recognizing something as genuine. Online, authentication is a way to confirm that a user has authorization to access a particular environment.<\/p><p>So, what is two-factor authentication or two-step verification?<\/p><p>It is an important security procedure with proven effectiveness that aims to confirm that a particular user is accessing an online environment. As the name suggests, this procedure is carried out in two steps.<\/p><p>It ensures that a user's attempt to access an online environment is genuine and authorized. It does this by first using one type of mechanism, and then, a second time, using a different validation\/authentication mechanism than the one used in the first step of validation.<\/p>\t\t\t\t\t\t\t\t<\/div>\n\t\t\t\t<\/div>\n\t\t\t\t<div class=\"elementor-element elementor-element-5848df0 elementor-widget elementor-widget-text-editor\" data-id=\"5848df0\" data-element_type=\"widget\" data-e-type=\"widget\" data-widget_type=\"text-editor.default\">\n\t\t\t\t<div class=\"elementor-widget-container\">\n\t\t\t\t\t\t\t\t\t<h2><strong>2. Benefits of Two-Factor Authentication<\/strong><\/h2><p><br \/>Having an additional layer of security, such as the one provided by two-step verification, makes it so that an attacker must overcome two different obstacles to gain the desired access. <strong>Here's how this procedure can make a difference in your day-to-day:<\/strong><\/p><p><strong>Added Security \u2013<\/strong> Without a doubt, the most significant advantage of using two-step verification is the increased security. Any attempted access by attackers is thwarted when the mechanism kicks in. Malicious intruders are blocked by the effectiveness of the verification process.\u00a0<\/p><p><strong>Suspicious Activity Alerts \u2013<\/strong> In most cases, two-factor authentication systems include an alert sent to users when suspicious activity is detected. This allows immediate action to prevent data theft or unauthorized access.<\/p><p><strong>Security Across Multiple Devices \u2013<\/strong> Many people access their accounts from different devices, and using two-factor authentication ensures that security is guaranteed on all of them.<\/p><p><strong>Reduced Data Leaks \u2013<\/strong> With two-factor authentication, the likelihood of data theft is reduced. Stored information is more secure because the mechanism lowers the chances of access by malicious individuals.<\/p>\t\t\t\t\t\t\t\t<\/div>\n\t\t\t\t<\/div>\n\t\t\t\t<div class=\"elementor-element elementor-element-39d14bd elementor-widget elementor-widget-text-editor\" data-id=\"39d14bd\" data-element_type=\"widget\" data-e-type=\"widget\" data-widget_type=\"text-editor.default\">\n\t\t\t\t<div class=\"elementor-widget-container\">\n\t\t\t\t\t\t\t\t\t<h2><strong>3. How Do Two-Factor Authentication Mechanisms Work?<\/strong><\/h2><p><br \/>Here\u2019s how some of the mechanisms used in the two-factor authentication process work:<\/p><p><strong>Password and Temporary Code<\/strong><\/p><p>After validating your login and password, the user receives a unique, temporary code on their device, which must be entered to complete the validation process.<\/p><p><strong>Password and Authentication App<\/strong><\/p><p>In this case, validation is done via a code generated by an app. Google or Microsoft Authenticator are examples of this method.<\/p><p><strong>Password and Biometric Authentication<\/strong><\/p><p>This could be a fingerprint scan, facial recognition, or even voice recognition. The second step of verification in this mechanism tends to enhance security, as it involves something highly personal, like a fingerprint scan.<\/p>\t\t\t\t\t\t\t\t<\/div>\n\t\t\t\t<\/div>\n\t\t\t\t<div class=\"elementor-element elementor-element-77490da elementor-widget elementor-widget-text-editor\" data-id=\"77490da\" data-element_type=\"widget\" data-e-type=\"widget\" data-widget_type=\"text-editor.default\">\n\t\t\t\t<div class=\"elementor-widget-container\">\n\t\t\t\t\t\t\t\t\t<h2>\u00a0<\/h2><h2><strong>4. Here at Actio, Two-Factor Authentication (2FA) is Essential!<\/strong><\/h2><p><br \/>Remember, two-factor authentication (2FA) is an extra layer of security that is crucial for keeping your data safe.<\/p><p>Cybersecurity experts recommend its use, and its effectiveness is proven!<\/p>\t\t\t\t\t\t\t\t<\/div>\n\t\t\t\t<\/div>\n\t\t\t\t<div class=\"elementor-element elementor-element-1a3ccad elementor-widget elementor-widget-image\" data-id=\"1a3ccad\" data-element_type=\"widget\" data-e-type=\"widget\" data-widget_type=\"image.default\">\n\t\t\t\t<div class=\"elementor-widget-container\">\n\t\t\t\t\t\t\t\t\t\t\t\t\t\t\t<img decoding=\"async\" src=\"https:\/\/actiosoftware.com\/wp-content\/uploads\/2023\/11\/imagem-43-1000x563.png\" title=\"image (43)\" alt=\"image (43)\" loading=\"lazy\" \/>\t\t\t\t\t\t\t\t\t\t\t\t\t\t\t<\/div>\n\t\t\t\t<\/div>\n\t\t\t\t\t<\/div>\n\t\t\t\t<\/div>\n\t\t\t\t<\/div>","protected":false},"excerpt":{"rendered":"<p>Verifica\u00e7\u00e3o em duas etapas (2FA) Milhares de pessoas utilizam a internet no mundo todo. No Brasil, pesquisas recentes apontam que 65,6 milh\u00f5es de domic\u00edlios possuem acesso \u00e0 rede, ou seja, 90% dos brasileiros est\u00e3o conectados. Jornadas home-office, compras on-line, chamadas de v\u00eddeo, bancos digitais, aplicativos e outros elementos do mundo digital, fazem com que seja [&hellip;]<\/p>\n","protected":false},"author":1,"featured_media":0,"parent":0,"menu_order":0,"comment_status":"closed","ping_status":"closed","template":"","meta":{"_acf_changed":false,"content-type":"","site-sidebar-layout":"default","site-content-layout":"","ast-site-content-layout":"default","site-content-style":"default","site-sidebar-style":"default","ast-global-header-display":"","ast-banner-title-visibility":"","ast-main-header-display":"","ast-hfb-above-header-display":"","ast-hfb-below-header-display":"","ast-hfb-mobile-header-display":"","site-post-title":"","ast-breadcrumbs-content":"","ast-featured-img":"","footer-sml-layout":"","ast-disable-related-posts":"","theme-transparent-header-meta":"","adv-header-id-meta":"","stick-header-meta":"","header-above-stick-meta":"","header-main-stick-meta":"","header-below-stick-meta":"","astra-migrate-meta-layouts":"default","ast-page-background-enabled":"default","ast-page-background-meta":{"desktop":{"background-color":"var(--ast-global-color-4)","background-image":"","background-repeat":"repeat","background-position":"center center","background-size":"auto","background-attachment":"scroll","background-type":"","background-media":"","overlay-type":"","overlay-color":"","overlay-opacity":"","overlay-gradient":""},"tablet":{"background-color":"","background-image":"","background-repeat":"repeat","background-position":"center center","background-size":"auto","background-attachment":"scroll","background-type":"","background-media":"","overlay-type":"","overlay-color":"","overlay-opacity":"","overlay-gradient":""},"mobile":{"background-color":"","background-image":"","background-repeat":"repeat","background-position":"center center","background-size":"auto","background-attachment":"scroll","background-type":"","background-media":"","overlay-type":"","overlay-color":"","overlay-opacity":"","overlay-gradient":""}},"ast-content-background-meta":{"desktop":{"background-color":"var(--ast-global-color-5)","background-image":"","background-repeat":"repeat","background-position":"center center","background-size":"auto","background-attachment":"scroll","background-type":"","background-media":"","overlay-type":"","overlay-color":"","overlay-opacity":"","overlay-gradient":""},"tablet":{"background-color":"var(--ast-global-color-5)","background-image":"","background-repeat":"repeat","background-position":"center center","background-size":"auto","background-attachment":"scroll","background-type":"","background-media":"","overlay-type":"","overlay-color":"","overlay-opacity":"","overlay-gradient":""},"mobile":{"background-color":"var(--ast-global-color-5)","background-image":"","background-repeat":"repeat","background-position":"center center","background-size":"auto","background-attachment":"scroll","background-type":"","background-media":"","overlay-type":"","overlay-color":"","overlay-opacity":"","overlay-gradient":""}},"footnotes":""},"class_list":["post-38480","page","type-page","status-publish","hentry"],"acf":[],"yoast_head":"<!-- This site is optimized with the Yoast SEO Premium plugin v27.0 (Yoast SEO v27.4) - https:\/\/yoast.com\/product\/yoast-seo-premium-wordpress\/ -->\n<title>Verifica\u00e7\u00e3o em duas etapas (2FA) - Actio<\/title>\n<meta name=\"description\" content=\"Entenda o que \u00e9 a verifica\u00e7\u00e3o em duas etapas, seu conceito, sua import\u00e2ncia, as vantagens de utiliz\u00e1-la e como funciona na pr\u00e1tica.\" \/>\n<meta name=\"robots\" content=\"index, follow, max-snippet:-1, max-image-preview:large, max-video-preview:-1\" \/>\n<link rel=\"canonical\" href=\"https:\/\/actiosoftware.com\/en\/2fa-north-america\/\" \/>\n<meta property=\"og:locale\" content=\"en_US\" \/>\n<meta property=\"og:type\" content=\"article\" \/>\n<meta property=\"og:title\" content=\"Verifica\u00e7\u00e3o em duas etapas (2FA)\" \/>\n<meta property=\"og:description\" content=\"Entenda o que \u00e9 a verifica\u00e7\u00e3o em duas etapas, seu conceito, sua import\u00e2ncia, as vantagens de utiliz\u00e1-la e como funciona na pr\u00e1tica.\" \/>\n<meta property=\"og:url\" content=\"https:\/\/actiosoftware.com\/en\/2fa-north-america\/\" \/>\n<meta property=\"og:site_name\" content=\"Actio\" \/>\n<meta property=\"article:publisher\" content=\"https:\/\/www.facebook.com\/actiobrasil\" \/>\n<meta property=\"article:modified_time\" content=\"2024-12-13T18:21:10+00:00\" \/>\n<meta property=\"og:image\" content=\"https:\/\/actiosoftware.com\/wp-content\/uploads\/2023\/11\/20945204-500x500.jpg\" \/>\n<meta name=\"twitter:card\" content=\"summary_large_image\" \/>\n<meta name=\"twitter:label1\" content=\"Est. reading time\" \/>\n\t<meta name=\"twitter:data1\" content=\"4 minutes\" \/>\n<script type=\"application\/ld+json\" class=\"yoast-schema-graph\">{\"@context\":\"https:\\\/\\\/schema.org\",\"@graph\":[{\"@type\":\"WebPage\",\"@id\":\"https:\\\/\\\/actiosoftware.com\\\/verificacao-em-duas-etapas\\\/\",\"url\":\"https:\\\/\\\/actiosoftware.com\\\/verificacao-em-duas-etapas\\\/\",\"name\":\"Verifica\u00e7\u00e3o em duas etapas (2FA) - Actio\",\"isPartOf\":{\"@id\":\"https:\\\/\\\/actiosoftware.com\\\/#website\"},\"primaryImageOfPage\":{\"@id\":\"https:\\\/\\\/actiosoftware.com\\\/verificacao-em-duas-etapas\\\/#primaryimage\"},\"image\":{\"@id\":\"https:\\\/\\\/actiosoftware.com\\\/verificacao-em-duas-etapas\\\/#primaryimage\"},\"thumbnailUrl\":\"https:\\\/\\\/actiosoftware.com\\\/wp-content\\\/uploads\\\/2023\\\/11\\\/20945204-500x500.jpg\",\"datePublished\":\"2023-11-10T14:03:58+00:00\",\"dateModified\":\"2024-12-13T18:21:10+00:00\",\"description\":\"Entenda o que \u00e9 a verifica\u00e7\u00e3o em duas etapas, seu conceito, sua import\u00e2ncia, as vantagens de utiliz\u00e1-la e como funciona na pr\u00e1tica.\",\"breadcrumb\":{\"@id\":\"https:\\\/\\\/actiosoftware.com\\\/verificacao-em-duas-etapas\\\/#breadcrumb\"},\"inLanguage\":\"en-US\",\"potentialAction\":[{\"@type\":\"ReadAction\",\"target\":[\"https:\\\/\\\/actiosoftware.com\\\/verificacao-em-duas-etapas\\\/\"]}]},{\"@type\":\"ImageObject\",\"inLanguage\":\"en-US\",\"@id\":\"https:\\\/\\\/actiosoftware.com\\\/verificacao-em-duas-etapas\\\/#primaryimage\",\"url\":\"https:\\\/\\\/actiosoftware.com\\\/wp-content\\\/uploads\\\/2023\\\/11\\\/20945204-500x500.jpg\",\"contentUrl\":\"https:\\\/\\\/actiosoftware.com\\\/wp-content\\\/uploads\\\/2023\\\/11\\\/20945204-500x500.jpg\"},{\"@type\":\"BreadcrumbList\",\"@id\":\"https:\\\/\\\/actiosoftware.com\\\/verificacao-em-duas-etapas\\\/#breadcrumb\",\"itemListElement\":[{\"@type\":\"ListItem\",\"position\":1,\"name\":\"In\u00edcio\",\"item\":\"https:\\\/\\\/actiosoftware.com\\\/\"},{\"@type\":\"ListItem\",\"position\":2,\"name\":\"Verifica\u00e7\u00e3o em duas etapas (2FA)\"}]},{\"@type\":\"WebSite\",\"@id\":\"https:\\\/\\\/actiosoftware.com\\\/#website\",\"url\":\"https:\\\/\\\/actiosoftware.com\\\/\",\"name\":\"Actio\",\"description\":\"Softwares para gest\u00e3o estrat\u00e9gica\",\"publisher\":{\"@id\":\"https:\\\/\\\/actiosoftware.com\\\/#organization\"},\"potentialAction\":[{\"@type\":\"SearchAction\",\"target\":{\"@type\":\"EntryPoint\",\"urlTemplate\":\"https:\\\/\\\/actiosoftware.com\\\/?s={search_term_string}\"},\"query-input\":{\"@type\":\"PropertyValueSpecification\",\"valueRequired\":true,\"valueName\":\"search_term_string\"}}],\"inLanguage\":\"en-US\"},{\"@type\":\"Organization\",\"@id\":\"https:\\\/\\\/actiosoftware.com\\\/#organization\",\"name\":\"Actio\",\"url\":\"https:\\\/\\\/actiosoftware.com\\\/\",\"logo\":{\"@type\":\"ImageObject\",\"inLanguage\":\"en-US\",\"@id\":\"https:\\\/\\\/actiosoftware.com\\\/#\\\/schema\\\/logo\\\/image\\\/\",\"url\":\"https:\\\/\\\/actiosoftware.com\\\/wp-content\\\/uploads\\\/2020\\\/02\\\/logo-150x37-3.png\",\"contentUrl\":\"https:\\\/\\\/actiosoftware.com\\\/wp-content\\\/uploads\\\/2020\\\/02\\\/logo-150x37-3.png\",\"width\":150,\"height\":37,\"caption\":\"Actio\"},\"image\":{\"@id\":\"https:\\\/\\\/actiosoftware.com\\\/#\\\/schema\\\/logo\\\/image\\\/\"},\"sameAs\":[\"https:\\\/\\\/www.facebook.com\\\/actiobrasil\",\"https:\\\/\\\/www.instagram.com\\\/actiobrasil\\\/\",\"https:\\\/\\\/www.linkedin.com\\\/company\\\/actiosoftware\\\/\"]}]}<\/script>\n<!-- \/ Yoast SEO Premium plugin. -->","yoast_head_json":{"title":"Two-Step Verification (2FA): Secure Your Accounts","description":"Understand what two-step verification is, its concept, its importance, the advantages of using it and how it works in practice.","robots":{"index":"index","follow":"follow","max-snippet":"max-snippet:-1","max-image-preview":"max-image-preview:large","max-video-preview":"max-video-preview:-1"},"canonical":"https:\/\/actiosoftware.com\/en\/2fa-north-america\/","og_locale":"en_US","og_type":"article","og_title":"Verifica\u00e7\u00e3o em duas etapas (2FA)","og_description":"Entenda o que \u00e9 a verifica\u00e7\u00e3o em duas etapas, seu conceito, sua import\u00e2ncia, as vantagens de utiliz\u00e1-la e como funciona na pr\u00e1tica.","og_url":"https:\/\/actiosoftware.com\/en\/2fa-north-america\/","og_site_name":"Actio","article_publisher":"https:\/\/www.facebook.com\/actiobrasil","article_modified_time":"2024-12-13T18:21:10+00:00","og_image":[{"url":"https:\/\/actiosoftware.com\/wp-content\/uploads\/2023\/11\/20945204-500x500.jpg","type":"","width":"","height":""}],"twitter_card":"summary_large_image","twitter_misc":{"Est. reading time":"4 minutes"},"schema":{"@context":"https:\/\/schema.org","@graph":[{"@type":"WebPage","@id":"https:\/\/actiosoftware.com\/verificacao-em-duas-etapas\/","url":"https:\/\/actiosoftware.com\/verificacao-em-duas-etapas\/","name":"Two-Step Verification (2FA): Secure Your Accounts","isPartOf":{"@id":"https:\/\/actiosoftware.com\/#website"},"primaryImageOfPage":{"@id":"https:\/\/actiosoftware.com\/verificacao-em-duas-etapas\/#primaryimage"},"image":{"@id":"https:\/\/actiosoftware.com\/verificacao-em-duas-etapas\/#primaryimage"},"thumbnailUrl":"https:\/\/actiosoftware.com\/wp-content\/uploads\/2023\/11\/20945204-500x500.jpg","datePublished":"2023-11-10T14:03:58+00:00","dateModified":"2024-12-13T18:21:10+00:00","description":"Understand what two-step verification is, its concept, its importance, the advantages of using it and how it works in practice.","breadcrumb":{"@id":"https:\/\/actiosoftware.com\/verificacao-em-duas-etapas\/#breadcrumb"},"inLanguage":"en-US","potentialAction":[{"@type":"ReadAction","target":["https:\/\/actiosoftware.com\/verificacao-em-duas-etapas\/"]}]},{"@type":"ImageObject","inLanguage":"en-US","@id":"https:\/\/actiosoftware.com\/verificacao-em-duas-etapas\/#primaryimage","url":"https:\/\/actiosoftware.com\/wp-content\/uploads\/2023\/11\/20945204-500x500.jpg","contentUrl":"https:\/\/actiosoftware.com\/wp-content\/uploads\/2023\/11\/20945204-500x500.jpg"},{"@type":"BreadcrumbList","@id":"https:\/\/actiosoftware.com\/verificacao-em-duas-etapas\/#breadcrumb","itemListElement":[{"@type":"ListItem","position":1,"name":"In\u00edcio","item":"https:\/\/actiosoftware.com\/"},{"@type":"ListItem","position":2,"name":"Verifica\u00e7\u00e3o em duas etapas (2FA)"}]},{"@type":"WebSite","@id":"https:\/\/actiosoftware.com\/#website","url":"https:\/\/actiosoftware.com\/","name":"Actio","description":"Softwares para gest\u00e3o estrat\u00e9gica","publisher":{"@id":"https:\/\/actiosoftware.com\/#organization"},"potentialAction":[{"@type":"SearchAction","target":{"@type":"EntryPoint","urlTemplate":"https:\/\/actiosoftware.com\/?s={search_term_string}"},"query-input":{"@type":"PropertyValueSpecification","valueRequired":true,"valueName":"search_term_string"}}],"inLanguage":"en-US"},{"@type":"Organization","@id":"https:\/\/actiosoftware.com\/#organization","name":"Actio","url":"https:\/\/actiosoftware.com\/","logo":{"@type":"ImageObject","inLanguage":"en-US","@id":"https:\/\/actiosoftware.com\/#\/schema\/logo\/image\/","url":"https:\/\/actiosoftware.com\/wp-content\/uploads\/2020\/02\/logo-150x37-3.png","contentUrl":"https:\/\/actiosoftware.com\/wp-content\/uploads\/2020\/02\/logo-150x37-3.png","width":150,"height":37,"caption":"Actio"},"image":{"@id":"https:\/\/actiosoftware.com\/#\/schema\/logo\/image\/"},"sameAs":["https:\/\/www.facebook.com\/actiobrasil","https:\/\/www.instagram.com\/actiobrasil\/","https:\/\/www.linkedin.com\/company\/actiosoftware\/"]}]}},"_links":{"self":[{"href":"https:\/\/actiosoftware.com\/en\/wp-json\/wp\/v2\/pages\/38480","targetHints":{"allow":["GET"]}}],"collection":[{"href":"https:\/\/actiosoftware.com\/en\/wp-json\/wp\/v2\/pages"}],"about":[{"href":"https:\/\/actiosoftware.com\/en\/wp-json\/wp\/v2\/types\/page"}],"author":[{"embeddable":true,"href":"https:\/\/actiosoftware.com\/en\/wp-json\/wp\/v2\/users\/1"}],"replies":[{"embeddable":true,"href":"https:\/\/actiosoftware.com\/en\/wp-json\/wp\/v2\/comments?post=38480"}],"version-history":[{"count":0,"href":"https:\/\/actiosoftware.com\/en\/wp-json\/wp\/v2\/pages\/38480\/revisions"}],"wp:attachment":[{"href":"https:\/\/actiosoftware.com\/en\/wp-json\/wp\/v2\/media?parent=38480"}],"curies":[{"name":"wp","href":"https:\/\/api.w.org\/{rel}","templated":true}]}}