{"id":26706,"date":"2022-05-26T19:09:44","date_gmt":"2022-05-26T19:09:44","guid":{"rendered":"https:\/\/actiosoftware.com?page_id=26706"},"modified":"2025-01-24T17:07:47","modified_gmt":"2025-01-24T20:07:47","slug":"top-of-the-funnel-budget-matrix","status":"publish","type":"page","link":"https:\/\/actiosoftware.com\/en\/topo-de-funil-matriz-orcamentaria\/","title":{"rendered":"Tunnel Top - Budget Matrix"},"content":{"rendered":"<div data-elementor-type=\"wp-page\" data-elementor-id=\"26706\" class=\"elementor elementor-26706\" data-elementor-post-type=\"page\">\n\t\t\t\t\t\t<section class=\"elementor-section elementor-top-section elementor-element elementor-element-e403937 elementor-section-height-min-height elementor-section-boxed elementor-section-height-default elementor-section-items-middle\" data-id=\"e403937\" data-element_type=\"section\" data-e-type=\"section\">\n\t\t\t\t\t\t<div class=\"elementor-container elementor-column-gap-default\">\n\t\t\t\t\t<div class=\"elementor-column elementor-col-100 elementor-top-column elementor-element elementor-element-7047aec\" data-id=\"7047aec\" data-element_type=\"column\" data-e-type=\"column\">\n\t\t\t<div class=\"elementor-widget-wrap elementor-element-populated\">\n\t\t\t\t\t\t<div class=\"elementor-element elementor-element-764831c elementor-widget elementor-widget-heading\" data-id=\"764831c\" data-element_type=\"widget\" data-e-type=\"widget\" data-widget_type=\"heading.default\">\n\t\t\t\t<div class=\"elementor-widget-container\">\n\t\t\t\t\t<h1 class=\"elementor-heading-title elementor-size-default\">Thank you for being interested in Budget Matrix<\/h1>\t\t\t\t<\/div>\n\t\t\t\t<\/div>\n\t\t\t\t\t<\/div>\n\t\t<\/div>\n\t\t\t\t\t<\/div>\n\t\t<\/section>\n\t\t\t\t<\/div>","protected":false},"excerpt":{"rendered":"<p>Thank you for being interested in Budget Matrix<\/p>","protected":false},"author":1,"featured_media":0,"parent":0,"menu_order":0,"comment_status":"closed","ping_status":"closed","template":"elementor_header_footer","meta":{"_acf_changed":false,"content-type":"","site-sidebar-layout":"default","site-content-layout":"","ast-site-content-layout":"default","site-content-style":"default","site-sidebar-style":"default","ast-global-header-display":"","ast-banner-title-visibility":"","ast-main-header-display":"","ast-hfb-above-header-display":"","ast-hfb-below-header-display":"","ast-hfb-mobile-header-display":"","site-post-title":"","ast-breadcrumbs-content":"","ast-featured-img":"","footer-sml-layout":"","ast-disable-related-posts":"","theme-transparent-header-meta":"","adv-header-id-meta":"","stick-header-meta":"","header-above-stick-meta":"","header-main-stick-meta":"","header-below-stick-meta":"","astra-migrate-meta-layouts":"default","ast-page-background-enabled":"default","ast-page-background-meta":{"desktop":{"background-color":"var(--ast-global-color-4)","background-image":"","background-repeat":"repeat","background-position":"center center","background-size":"auto","background-attachment":"scroll","background-type":"","background-media":"","overlay-type":"","overlay-color":"","overlay-opacity":"","overlay-gradient":""},"tablet":{"background-color":"","background-image":"","background-repeat":"repeat","background-position":"center center","background-size":"auto","background-attachment":"scroll","background-type":"","background-media":"","overlay-type":"","overlay-color":"","overlay-opacity":"","overlay-gradient":""},"mobile":{"background-color":"","background-image":"","background-repeat":"repeat","background-position":"center center","background-size":"auto","background-attachment":"scroll","background-type":"","background-media":"","overlay-type":"","overlay-color":"","overlay-opacity":"","overlay-gradient":""}},"ast-content-background-meta":{"desktop":{"background-color":"var(--ast-global-color-5)","background-image":"","background-repeat":"repeat","background-position":"center center","background-size":"auto","background-attachment":"scroll","background-type":"","background-media":"","overlay-type":"","overlay-color":"","overlay-opacity":"","overlay-gradient":""},"tablet":{"background-color":"var(--ast-global-color-5)","background-image":"","background-repeat":"repeat","background-position":"center center","background-size":"auto","background-attachment":"scroll","background-type":"","background-media":"","overlay-type":"","overlay-color":"","overlay-opacity":"","overlay-gradient":""},"mobile":{"background-color":"var(--ast-global-color-5)","background-image":"","background-repeat":"repeat","background-position":"center center","background-size":"auto","background-attachment":"scroll","background-type":"","background-media":"","overlay-type":"","overlay-color":"","overlay-opacity":"","overlay-gradient":""}},"footnotes":""},"class_list":["post-26706","page","type-page","status-publish","hentry"],"acf":[],"yoast_head":"<!-- This site is optimized with the Yoast SEO Premium plugin v27.0 (Yoast SEO v27.5) - https:\/\/yoast.com\/product\/yoast-seo-premium-wordpress\/ -->\n<title>Topo de F\u00fanil - Matriz Or\u00e7ament\u00e1ria - Actio<\/title>\n<meta name=\"description\" content=\"Obrigado por se interessar em Matriz Or\u00e7ament\u00e1ria\" \/>\n<meta name=\"robots\" content=\"index, follow, max-snippet:-1, max-image-preview:large, max-video-preview:-1\" \/>\n<link rel=\"canonical\" href=\"https:\/\/actiosoftware.com\/en\/top-of-the-funnel-budget-matrix\/\" \/>\n<meta property=\"og:locale\" content=\"en_US\" \/>\n<meta property=\"og:type\" content=\"article\" \/>\n<meta property=\"og:title\" content=\"Topo de F\u00fanil - Matriz Or\u00e7ament\u00e1ria\" \/>\n<meta property=\"og:description\" content=\"Obrigado por se interessar em Matriz Or\u00e7ament\u00e1ria\" \/>\n<meta property=\"og:url\" content=\"https:\/\/actiosoftware.com\/en\/top-of-the-funnel-budget-matrix\/\" \/>\n<meta property=\"og:site_name\" content=\"Actio\" \/>\n<meta property=\"article:publisher\" content=\"https:\/\/www.facebook.com\/actiobrasil\" \/>\n<meta property=\"article:modified_time\" content=\"2025-01-24T20:07:47+00:00\" \/>\n<meta name=\"twitter:card\" content=\"summary_large_image\" \/>\n<meta name=\"twitter:label1\" content=\"Est. reading time\" \/>\n\t<meta name=\"twitter:data1\" content=\"1 minute\" \/>\n<script type=\"application\/ld+json\" class=\"yoast-schema-graph\">{\"@context\":\"https:\\\/\\\/schema.org\",\"@graph\":[{\"@type\":\"WebPage\",\"@id\":\"https:\\\/\\\/actiosoftware.com\\\/en\\\/topo-de-funil-matriz-orcamentaria\\\/\",\"url\":\"https:\\\/\\\/actiosoftware.com\\\/en\\\/topo-de-funil-matriz-orcamentaria\\\/\",\"name\":\"Topo de F\u00fanil - Matriz Or\u00e7ament\u00e1ria - Actio\",\"isPartOf\":{\"@id\":\"https:\\\/\\\/actiosoftware.com\\\/#website\"},\"datePublished\":\"2022-05-26T19:09:44+00:00\",\"dateModified\":\"2025-01-24T20:07:47+00:00\",\"description\":\"Obrigado por se interessar em Matriz Or\u00e7ament\u00e1ria\",\"breadcrumb\":{\"@id\":\"https:\\\/\\\/actiosoftware.com\\\/en\\\/topo-de-funil-matriz-orcamentaria\\\/#breadcrumb\"},\"inLanguage\":\"en-US\",\"potentialAction\":[{\"@type\":\"ReadAction\",\"target\":[\"https:\\\/\\\/actiosoftware.com\\\/en\\\/topo-de-funil-matriz-orcamentaria\\\/\"]}]},{\"@type\":\"BreadcrumbList\",\"@id\":\"https:\\\/\\\/actiosoftware.com\\\/en\\\/topo-de-funil-matriz-orcamentaria\\\/#breadcrumb\",\"itemListElement\":[{\"@type\":\"ListItem\",\"position\":1,\"name\":\"In\u00edcio\",\"item\":\"https:\\\/\\\/actiosoftware.com\\\/\"},{\"@type\":\"ListItem\",\"position\":2,\"name\":\"Topo de F\u00fanil &#8211; Matriz Or\u00e7ament\u00e1ria\"}]},{\"@type\":\"WebSite\",\"@id\":\"https:\\\/\\\/actiosoftware.com\\\/#website\",\"url\":\"https:\\\/\\\/actiosoftware.com\\\/\",\"name\":\"Actio\",\"description\":\"Softwares para gest\u00e3o estrat\u00e9gica\",\"publisher\":{\"@id\":\"https:\\\/\\\/actiosoftware.com\\\/#organization\"},\"potentialAction\":[{\"@type\":\"SearchAction\",\"target\":{\"@type\":\"EntryPoint\",\"urlTemplate\":\"https:\\\/\\\/actiosoftware.com\\\/?s={search_term_string}\"},\"query-input\":{\"@type\":\"PropertyValueSpecification\",\"valueRequired\":true,\"valueName\":\"search_term_string\"}}],\"inLanguage\":\"en-US\"},{\"@type\":\"Organization\",\"@id\":\"https:\\\/\\\/actiosoftware.com\\\/#organization\",\"name\":\"Actio\",\"url\":\"https:\\\/\\\/actiosoftware.com\\\/\",\"logo\":{\"@type\":\"ImageObject\",\"inLanguage\":\"en-US\",\"@id\":\"https:\\\/\\\/actiosoftware.com\\\/#\\\/schema\\\/logo\\\/image\\\/\",\"url\":\"https:\\\/\\\/actiosoftware.com\\\/wp-content\\\/uploads\\\/2020\\\/02\\\/logo-150x37-3.png\",\"contentUrl\":\"https:\\\/\\\/actiosoftware.com\\\/wp-content\\\/uploads\\\/2020\\\/02\\\/logo-150x37-3.png\",\"width\":150,\"height\":37,\"caption\":\"Actio\"},\"image\":{\"@id\":\"https:\\\/\\\/actiosoftware.com\\\/#\\\/schema\\\/logo\\\/image\\\/\"},\"sameAs\":[\"https:\\\/\\\/www.facebook.com\\\/actiobrasil\",\"https:\\\/\\\/www.instagram.com\\\/actiobrasil\\\/\",\"https:\\\/\\\/www.linkedin.com\\\/company\\\/actiosoftware\\\/\"]}]}<\/script>\n<!-- \/ Yoast SEO Premium plugin. -->","yoast_head_json":{"title":"Top of Funnel: Budget Matrix for Smart Planning","description":"Thank you for being interested in Budget Matrix","robots":{"index":"index","follow":"follow","max-snippet":"max-snippet:-1","max-image-preview":"max-image-preview:large","max-video-preview":"max-video-preview:-1"},"canonical":"https:\/\/actiosoftware.com\/en\/top-of-the-funnel-budget-matrix\/","og_locale":"en_US","og_type":"article","og_title":"Topo de F\u00fanil - Matriz Or\u00e7ament\u00e1ria","og_description":"Obrigado por se interessar em Matriz Or\u00e7ament\u00e1ria","og_url":"https:\/\/actiosoftware.com\/en\/top-of-the-funnel-budget-matrix\/","og_site_name":"Actio","article_publisher":"https:\/\/www.facebook.com\/actiobrasil","article_modified_time":"2025-01-24T20:07:47+00:00","twitter_card":"summary_large_image","twitter_misc":{"Est. reading time":"1 minute"},"schema":{"@context":"https:\/\/schema.org","@graph":[{"@type":"WebPage","@id":"https:\/\/actiosoftware.com\/en\/topo-de-funil-matriz-orcamentaria\/","url":"https:\/\/actiosoftware.com\/en\/topo-de-funil-matriz-orcamentaria\/","name":"Top of Funnel: Budget Matrix for Smart Planning","isPartOf":{"@id":"https:\/\/actiosoftware.com\/#website"},"datePublished":"2022-05-26T19:09:44+00:00","dateModified":"2025-01-24T20:07:47+00:00","description":"Thank you for being interested in Budget Matrix","breadcrumb":{"@id":"https:\/\/actiosoftware.com\/en\/topo-de-funil-matriz-orcamentaria\/#breadcrumb"},"inLanguage":"en-US","potentialAction":[{"@type":"ReadAction","target":["https:\/\/actiosoftware.com\/en\/topo-de-funil-matriz-orcamentaria\/"]}]},{"@type":"BreadcrumbList","@id":"https:\/\/actiosoftware.com\/en\/topo-de-funil-matriz-orcamentaria\/#breadcrumb","itemListElement":[{"@type":"ListItem","position":1,"name":"In\u00edcio","item":"https:\/\/actiosoftware.com\/"},{"@type":"ListItem","position":2,"name":"Topo de F\u00fanil &#8211; Matriz Or\u00e7ament\u00e1ria"}]},{"@type":"WebSite","@id":"https:\/\/actiosoftware.com\/#website","url":"https:\/\/actiosoftware.com\/","name":"Actio","description":"Softwares para gest\u00e3o estrat\u00e9gica","publisher":{"@id":"https:\/\/actiosoftware.com\/#organization"},"potentialAction":[{"@type":"SearchAction","target":{"@type":"EntryPoint","urlTemplate":"https:\/\/actiosoftware.com\/?s={search_term_string}"},"query-input":{"@type":"PropertyValueSpecification","valueRequired":true,"valueName":"search_term_string"}}],"inLanguage":"en-US"},{"@type":"Organization","@id":"https:\/\/actiosoftware.com\/#organization","name":"Actio","url":"https:\/\/actiosoftware.com\/","logo":{"@type":"ImageObject","inLanguage":"en-US","@id":"https:\/\/actiosoftware.com\/#\/schema\/logo\/image\/","url":"https:\/\/actiosoftware.com\/wp-content\/uploads\/2020\/02\/logo-150x37-3.png","contentUrl":"https:\/\/actiosoftware.com\/wp-content\/uploads\/2020\/02\/logo-150x37-3.png","width":150,"height":37,"caption":"Actio"},"image":{"@id":"https:\/\/actiosoftware.com\/#\/schema\/logo\/image\/"},"sameAs":["https:\/\/www.facebook.com\/actiobrasil","https:\/\/www.instagram.com\/actiobrasil\/","https:\/\/www.linkedin.com\/company\/actiosoftware\/"]}]}},"_links":{"self":[{"href":"https:\/\/actiosoftware.com\/en\/wp-json\/wp\/v2\/pages\/26706","targetHints":{"allow":["GET"]}}],"collection":[{"href":"https:\/\/actiosoftware.com\/en\/wp-json\/wp\/v2\/pages"}],"about":[{"href":"https:\/\/actiosoftware.com\/en\/wp-json\/wp\/v2\/types\/page"}],"author":[{"embeddable":true,"href":"https:\/\/actiosoftware.com\/en\/wp-json\/wp\/v2\/users\/1"}],"replies":[{"embeddable":true,"href":"https:\/\/actiosoftware.com\/en\/wp-json\/wp\/v2\/comments?post=26706"}],"version-history":[{"count":0,"href":"https:\/\/actiosoftware.com\/en\/wp-json\/wp\/v2\/pages\/26706\/revisions"}],"wp:attachment":[{"href":"https:\/\/actiosoftware.com\/en\/wp-json\/wp\/v2\/media?parent=26706"}],"curies":[{"name":"wp","href":"https:\/\/api.w.org\/{rel}","templated":true}]}}